{"id":9197,"date":"2023-04-28T15:12:31","date_gmt":"2023-04-28T15:12:31","guid":{"rendered":"https:\/\/skin.club\/community\/in-die-bresche\/"},"modified":"2023-06-15T12:32:55","modified_gmt":"2023-06-15T12:32:55","slug":"in-die-bresche","status":"publish","type":"page","link":"https:\/\/community.skin.club\/de\/in-die-bresche","title":{"rendered":"Into The Breach"},"content":{"rendered":"<p><img loading=\"lazy\" decoding=\"async\" src=\"https:\/\/skin.club\/community\/wp-content\/uploads\/2023\/05\/SK-2-1.jpg\" alt=\"Foto\" width=\"1920\" height=\"1080\" class=\"alignnone size-full wp-image-7957\"><\/p>\n<p>Into The Breach war der Underdog in den europ\u00e4ischen RMR-Qualifikationen f\u00fcr das BLAST Paris Major.<\/p>\n<p>Das ist erste Mal, dass dieses Team zum Major kommt und sie haben es bereits in die Legends Stage des letzten CS:GO Majors geschafft.<\/p>\n<p>Wir w\u00fcnschen dieser Spielerliste viel Gl\u00fcck beim Paris Major! Sie verdienen es absolut, zu den besten Teams der Welt im Moment zu geh\u00f6ren.<\/p>\n<h2>SPIELER<\/h2>\n<div class=\"players\">\n<div class=\"player\">\n<img decoding=\"async\" src=\"https:\/\/skin.club\/community\/wp-content\/uploads\/2023\/04\/e3398fc7-1c7e-4ece-bdcc-8312cfe6e14f.webp\" alt=\"Mannschaft\" class=\"player__logo\">\n<p class=\"player__name\">Juve<\/p>\n<p class=\"player__prof\">coach<\/p>\n<p><img decoding=\"async\" src=\"https:\/\/skin.club\/community\/wp-content\/uploads\/2023\/05\/Juve.png\" alt=\"Juve\" class=\"player__photo\">\n<\/p><\/div>\n<div class=\"player\">\n<img decoding=\"async\" src=\"https:\/\/skin.club\/community\/wp-content\/uploads\/2023\/04\/e3398fc7-1c7e-4ece-bdcc-8312cfe6e14f.webp\" alt=\"Mannschaft\" class=\"player__logo\">\n<p class=\"player__name\">CRUC1AL<\/p>\n<p class=\"player__prof\">Spieler<\/p>\n<p><img decoding=\"async\" src=\"https:\/\/skin.club\/community\/wp-content\/uploads\/2023\/05\/CRUC1AL.png\" alt=\"CRUC1AL\" class=\"player__photo\">\n<\/p><\/div>\n<div class=\"player\">\n<img decoding=\"async\" src=\"https:\/\/skin.club\/community\/wp-content\/uploads\/2023\/04\/e3398fc7-1c7e-4ece-bdcc-8312cfe6e14f.webp\" alt=\"Mannschaft\" class=\"player__logo\">\n<p class=\"player__name\">CYPHER<\/p>\n<p class=\"player__prof\">Spieler<\/p>\n<p><img decoding=\"async\" src=\"https:\/\/skin.club\/community\/wp-content\/uploads\/2023\/05\/CYPHER.png\" alt=\"CYPHER\" class=\"player__photo\">\n<\/p><\/div>\n<div class=\"player\">\n<img decoding=\"async\" src=\"https:\/\/skin.club\/community\/wp-content\/uploads\/2023\/04\/e3398fc7-1c7e-4ece-bdcc-8312cfe6e14f.webp\" alt=\"Mannschaft\" class=\"player__logo\">\n<p class=\"player__name\">rallen<\/p>\n<p class=\"player__prof\">Spieler<\/p>\n<p><img decoding=\"async\" src=\"https:\/\/skin.club\/community\/wp-content\/uploads\/2023\/05\/rallen.png\" alt=\"rallen\" class=\"player__photo\">\n<\/p><\/div>\n<div class=\"player\">\n<img decoding=\"async\" src=\"https:\/\/skin.club\/community\/wp-content\/uploads\/2023\/04\/e3398fc7-1c7e-4ece-bdcc-8312cfe6e14f.webp\" alt=\"Mannschaft\" class=\"player__logo\">\n<p class=\"player__name\">Thomas<\/p>\n<p class=\"player__prof\">Spieler<\/p>\n<p><img decoding=\"async\" src=\"https:\/\/skin.club\/community\/wp-content\/uploads\/2023\/05\/Thomas.png\" alt=\"Thomas\" class=\"player__photo\">\n<\/p><\/div>\n<div class=\"player\">\n<img decoding=\"async\" src=\"https:\/\/skin.club\/community\/wp-content\/uploads\/2023\/04\/e3398fc7-1c7e-4ece-bdcc-8312cfe6e14f.webp\" alt=\"Mannschaft\" class=\"player__logo\">\n<p class=\"player__name\">volt<\/p>\n<p class=\"player__prof\">Spieler<\/p>\n<p><img decoding=\"async\" src=\"https:\/\/skin.club\/community\/wp-content\/uploads\/2023\/05\/volt.png\" alt=\"volt\" class=\"player__photo\">\n<\/p><\/div>\n<\/div>\n<h2>\u00dcber unsere Partnerschaft<\/h2>\n<p>Skin.Club hat eine starke Leidenschaft f\u00fcr den Esport-Bereich von Counter-Strike und wird junge Talente von Into The Breach unterst\u00fctzen!<\/p>\n<p>Skin.Club wird auch das Skin.Club Major-Event w\u00e4hrend des Majors veranstalten, mit neuen Sachen, Werbegeschenke und Designs.<\/p>\n<p>Schau dir das Blast Paris Major 2023 an und jubel Into The Breach mit Skin.Club zu!<\/p>\n","protected":false},"excerpt":{"rendered":"<p>Into The Breach war der Underdog in den europ\u00e4ischen RMR-Qualifikationen f\u00fcr das BLAST Paris Major. Das ist erste Mal, dass dieses Team zum Major kommt und sie haben es bereits in die Legends Stage des letzten CS:GO Majors geschafft. Wir w\u00fcnschen dieser Spielerliste viel Gl\u00fcck beim Paris Major! Sie verdienen es absolut, zu den besten [&hellip;]<\/p>\n","protected":false},"author":4,"featured_media":0,"parent":0,"menu_order":0,"comment_status":"closed","ping_status":"closed","template":"","meta":{"_acf_changed":false,"footnotes":""},"class_list":["post-9197","page","type-page","status-publish","hentry"],"acf":[],"yoast_head":"<!-- This site is optimized with the Yoast SEO plugin v27.4 - https:\/\/yoast.com\/product\/yoast-seo-wordpress\/ -->\n<title>Spieler des Teams &quot;Into The Breach&quot; | Skin.club<\/title>\n<meta name=\"description\" content=\"Into The Breach war ein Underdog der europ\u00e4ischen RMR-Qualifikationen f\u00fcr das BLAST Paris Major. Schauen Sie sich an die Fotos dieser Prominenten an!\" \/>\n<meta name=\"robots\" content=\"index, follow, max-snippet:-1, max-image-preview:large, max-video-preview:-1\" \/>\n<link rel=\"canonical\" href=\"https:\/\/community.skin.club\/de\/in-die-bresche\" \/>\n<meta property=\"og:locale\" content=\"de_DE\" \/>\n<meta property=\"og:type\" content=\"article\" \/>\n<meta property=\"og:title\" content=\"Spieler des Teams &quot;Into The Breach&quot; | Skin.club\" \/>\n<meta property=\"og:description\" content=\"Into The Breach war ein Underdog der europ\u00e4ischen RMR-Qualifikationen f\u00fcr das BLAST Paris Major. Schauen Sie sich an die Fotos dieser Prominenten an!\" \/>\n<meta property=\"og:url\" content=\"https:\/\/community.skin.club\/de\/in-die-bresche\" \/>\n<meta property=\"og:site_name\" content=\"CS2 &amp; CS:GO Articles, News, Events | Skin.Club Community\" \/>\n<meta property=\"article:modified_time\" content=\"2023-06-15T12:32:55+00:00\" \/>\n<meta property=\"og:image\" content=\"https:\/\/community.skin.club\/wp-content\/uploads\/2023\/04\/02.jpg\" \/>\n\t<meta property=\"og:image:width\" content=\"1920\" \/>\n\t<meta property=\"og:image:height\" content=\"1080\" \/>\n\t<meta property=\"og:image:type\" content=\"image\/jpeg\" \/>\n<meta name=\"twitter:card\" content=\"summary_large_image\" \/>\n<meta name=\"twitter:label1\" content=\"Gesch\u00e4tzte Lesezeit\" \/>\n\t<meta name=\"twitter:data1\" content=\"1\u00a0Minute\" \/>\n<script type=\"application\/ld+json\" class=\"yoast-schema-graph\">{\"@context\":\"https:\\\/\\\/schema.org\",\"@graph\":[{\"@type\":\"WebPage\",\"@id\":\"https:\\\/\\\/community.skin.club\\\/de\\\/in-die-bresche\",\"url\":\"https:\\\/\\\/community.skin.club\\\/de\\\/in-die-bresche\",\"name\":\"Spieler des Teams \\\"Into The Breach\\\" | Skin.club\",\"isPartOf\":{\"@id\":\"https:\\\/\\\/community.skin.club\\\/de#website\"},\"primaryImageOfPage\":{\"@id\":\"https:\\\/\\\/community.skin.club\\\/de\\\/in-die-bresche#primaryimage\"},\"image\":{\"@id\":\"https:\\\/\\\/community.skin.club\\\/de\\\/in-die-bresche#primaryimage\"},\"thumbnailUrl\":\"https:\\\/\\\/skin.club\\\/community\\\/wp-content\\\/uploads\\\/2023\\\/05\\\/SK-2-1.jpg\",\"datePublished\":\"2023-04-28T15:12:31+00:00\",\"dateModified\":\"2023-06-15T12:32:55+00:00\",\"description\":\"Into The Breach war ein Underdog der europ\u00e4ischen RMR-Qualifikationen f\u00fcr das BLAST Paris Major. Schauen Sie sich an die Fotos dieser Prominenten an!\",\"breadcrumb\":{\"@id\":\"https:\\\/\\\/community.skin.club\\\/de\\\/in-die-bresche#breadcrumb\"},\"inLanguage\":\"de\",\"potentialAction\":[{\"@type\":\"ReadAction\",\"target\":[\"https:\\\/\\\/community.skin.club\\\/de\\\/in-die-bresche\"]}]},{\"@type\":\"ImageObject\",\"inLanguage\":\"de\",\"@id\":\"https:\\\/\\\/community.skin.club\\\/de\\\/in-die-bresche#primaryimage\",\"url\":\"https:\\\/\\\/skin.club\\\/community\\\/wp-content\\\/uploads\\\/2023\\\/05\\\/SK-2-1.jpg\",\"contentUrl\":\"https:\\\/\\\/skin.club\\\/community\\\/wp-content\\\/uploads\\\/2023\\\/05\\\/SK-2-1.jpg\"},{\"@type\":\"BreadcrumbList\",\"@id\":\"https:\\\/\\\/community.skin.club\\\/de\\\/in-die-bresche#breadcrumb\",\"itemListElement\":[{\"@type\":\"ListItem\",\"position\":1,\"name\":\"Community\",\"item\":\"http:\\\/\\\/community.skin.club\\\/de\\\/homepage\"},{\"@type\":\"ListItem\",\"position\":2,\"name\":\"Into The Breach\"}]},{\"@type\":\"WebSite\",\"@id\":\"https:\\\/\\\/community.skin.club\\\/de#website\",\"url\":\"https:\\\/\\\/community.skin.club\\\/de\",\"name\":\"CS:GO - Events, news, recommendations\",\"description\":\"CS2 &amp; CS:GO Articles, News, Events | Skin.Club Community\",\"publisher\":{\"@id\":\"https:\\\/\\\/community.skin.club\\\/de#organization\"},\"alternateName\":\"CS:GO - news\",\"potentialAction\":[{\"@type\":\"SearchAction\",\"target\":{\"@type\":\"EntryPoint\",\"urlTemplate\":\"https:\\\/\\\/community.skin.club\\\/de?s={search_term_string}\"},\"query-input\":{\"@type\":\"PropertyValueSpecification\",\"valueRequired\":true,\"valueName\":\"search_term_string\"}}],\"inLanguage\":\"de\"},{\"@type\":\"Organization\",\"@id\":\"https:\\\/\\\/community.skin.club\\\/de#organization\",\"name\":\"SkinClub\",\"url\":\"https:\\\/\\\/community.skin.club\\\/de\",\"logo\":{\"@type\":\"ImageObject\",\"inLanguage\":\"de\",\"@id\":\"https:\\\/\\\/community.skin.club\\\/de#\\\/schema\\\/logo\\\/image\\\/\",\"url\":\"https:\\\/\\\/community.skin.club\\\/wp-content\\\/uploads\\\/2022\\\/07\\\/logo-1-1.png\",\"contentUrl\":\"https:\\\/\\\/community.skin.club\\\/wp-content\\\/uploads\\\/2022\\\/07\\\/logo-1-1.png\",\"width\":512,\"height\":490,\"caption\":\"SkinClub\"},\"image\":{\"@id\":\"https:\\\/\\\/community.skin.club\\\/de#\\\/schema\\\/logo\\\/image\\\/\"}}]}<\/script>\n<!-- \/ Yoast SEO plugin. -->","yoast_head_json":{"title":"Spieler des Teams \"Into The Breach\" | Skin.club","description":"Into The Breach war ein Underdog der europ\u00e4ischen RMR-Qualifikationen f\u00fcr das BLAST Paris Major. Schauen Sie sich an die Fotos dieser Prominenten an!","robots":{"index":"index","follow":"follow","max-snippet":"max-snippet:-1","max-image-preview":"max-image-preview:large","max-video-preview":"max-video-preview:-1"},"canonical":"https:\/\/community.skin.club\/de\/in-die-bresche","og_locale":"de_DE","og_type":"article","og_title":"Spieler des Teams \"Into The Breach\" | Skin.club","og_description":"Into The Breach war ein Underdog der europ\u00e4ischen RMR-Qualifikationen f\u00fcr das BLAST Paris Major. Schauen Sie sich an die Fotos dieser Prominenten an!","og_url":"https:\/\/community.skin.club\/de\/in-die-bresche","og_site_name":"CS2 &amp; CS:GO Articles, News, Events | Skin.Club Community","article_modified_time":"2023-06-15T12:32:55+00:00","og_image":[{"width":1920,"height":1080,"url":"https:\/\/community.skin.club\/wp-content\/uploads\/2023\/04\/02.jpg","type":"image\/jpeg"}],"twitter_card":"summary_large_image","twitter_misc":{"Gesch\u00e4tzte Lesezeit":"1\u00a0Minute"},"schema":{"@context":"https:\/\/schema.org","@graph":[{"@type":"WebPage","@id":"https:\/\/community.skin.club\/de\/in-die-bresche","url":"https:\/\/community.skin.club\/de\/in-die-bresche","name":"Spieler des Teams \"Into The Breach\" | Skin.club","isPartOf":{"@id":"https:\/\/community.skin.club\/de#website"},"primaryImageOfPage":{"@id":"https:\/\/community.skin.club\/de\/in-die-bresche#primaryimage"},"image":{"@id":"https:\/\/community.skin.club\/de\/in-die-bresche#primaryimage"},"thumbnailUrl":"https:\/\/skin.club\/community\/wp-content\/uploads\/2023\/05\/SK-2-1.jpg","datePublished":"2023-04-28T15:12:31+00:00","dateModified":"2023-06-15T12:32:55+00:00","description":"Into The Breach war ein Underdog der europ\u00e4ischen RMR-Qualifikationen f\u00fcr das BLAST Paris Major. Schauen Sie sich an die Fotos dieser Prominenten an!","breadcrumb":{"@id":"https:\/\/community.skin.club\/de\/in-die-bresche#breadcrumb"},"inLanguage":"de","potentialAction":[{"@type":"ReadAction","target":["https:\/\/community.skin.club\/de\/in-die-bresche"]}]},{"@type":"ImageObject","inLanguage":"de","@id":"https:\/\/community.skin.club\/de\/in-die-bresche#primaryimage","url":"https:\/\/skin.club\/community\/wp-content\/uploads\/2023\/05\/SK-2-1.jpg","contentUrl":"https:\/\/skin.club\/community\/wp-content\/uploads\/2023\/05\/SK-2-1.jpg"},{"@type":"BreadcrumbList","@id":"https:\/\/community.skin.club\/de\/in-die-bresche#breadcrumb","itemListElement":[{"@type":"ListItem","position":1,"name":"Community","item":"http:\/\/community.skin.club\/de\/homepage"},{"@type":"ListItem","position":2,"name":"Into The Breach"}]},{"@type":"WebSite","@id":"https:\/\/community.skin.club\/de#website","url":"https:\/\/community.skin.club\/de","name":"CS:GO - Events, news, recommendations","description":"CS2 &amp; CS:GO Articles, News, Events | Skin.Club Community","publisher":{"@id":"https:\/\/community.skin.club\/de#organization"},"alternateName":"CS:GO - news","potentialAction":[{"@type":"SearchAction","target":{"@type":"EntryPoint","urlTemplate":"https:\/\/community.skin.club\/de?s={search_term_string}"},"query-input":{"@type":"PropertyValueSpecification","valueRequired":true,"valueName":"search_term_string"}}],"inLanguage":"de"},{"@type":"Organization","@id":"https:\/\/community.skin.club\/de#organization","name":"SkinClub","url":"https:\/\/community.skin.club\/de","logo":{"@type":"ImageObject","inLanguage":"de","@id":"https:\/\/community.skin.club\/de#\/schema\/logo\/image\/","url":"https:\/\/community.skin.club\/wp-content\/uploads\/2022\/07\/logo-1-1.png","contentUrl":"https:\/\/community.skin.club\/wp-content\/uploads\/2022\/07\/logo-1-1.png","width":512,"height":490,"caption":"SkinClub"},"image":{"@id":"https:\/\/community.skin.club\/de#\/schema\/logo\/image\/"}}]}},"_links":{"self":[{"href":"https:\/\/community.skin.club\/de\/wp-json\/wp\/v2\/pages\/9197","targetHints":{"allow":["GET"]}}],"collection":[{"href":"https:\/\/community.skin.club\/de\/wp-json\/wp\/v2\/pages"}],"about":[{"href":"https:\/\/community.skin.club\/de\/wp-json\/wp\/v2\/types\/page"}],"author":[{"embeddable":true,"href":"https:\/\/community.skin.club\/de\/wp-json\/wp\/v2\/users\/4"}],"replies":[{"embeddable":true,"href":"https:\/\/community.skin.club\/de\/wp-json\/wp\/v2\/comments?post=9197"}],"version-history":[{"count":3,"href":"https:\/\/community.skin.club\/de\/wp-json\/wp\/v2\/pages\/9197\/revisions"}],"predecessor-version":[{"id":10133,"href":"https:\/\/community.skin.club\/de\/wp-json\/wp\/v2\/pages\/9197\/revisions\/10133"}],"wp:attachment":[{"href":"https:\/\/community.skin.club\/de\/wp-json\/wp\/v2\/media?parent=9197"}],"curies":[{"name":"wp","href":"https:\/\/api.w.org\/{rel}","templated":true}]}}