{"id":9193,"date":"2023-04-28T15:12:31","date_gmt":"2023-04-28T15:12:31","guid":{"rendered":"https:\/\/skin.club\/community\/en-la-brecha\/"},"modified":"2023-06-15T12:34:31","modified_gmt":"2023-06-15T12:34:31","slug":"en-la-brecha","status":"publish","type":"page","link":"https:\/\/community.skin.club\/es\/en-la-brecha","title":{"rendered":"Into The Breach"},"content":{"rendered":"<p><img loading=\"lazy\" decoding=\"async\" src=\"https:\/\/skin.club\/community\/wp-content\/uploads\/2023\/05\/SK-2-1.jpg\" alt=\"Photo\" width=\"1920\" height=\"1080\" class=\"alignnone size-full wp-image-7957\"><\/p>\n<p>Into The Breach fue una sorpresa en los clasificatorios europeos del RMR para el BLAST Paris Major.<\/p>\n<p>Esta es la primera vez que este equipo llega al major y ya han logrado llegar a la Etapa de Leyendas del \u00faltimo Major de CS:GO.<\/p>\n<p>\u00a1Deseamos buena suerte a esta alineaci\u00f3n en el Paris Major! Se merecen totalmente su lugar entre los mejores equipos del mundo en este momento.<\/p>\n<h2>JUGADORES<\/h2>\n<div class=\"players\">\n<div class=\"player\">\n<img decoding=\"async\" src=\"https:\/\/skin.club\/community\/wp-content\/uploads\/2023\/04\/e3398fc7-1c7e-4ece-bdcc-8312cfe6e14f.webp\" alt=\"Team\" class=\"player__logo\">\n<p class=\"player__name\">Juve<\/p>\n<p class=\"player__prof\">coach<\/p>\n<p><img decoding=\"async\" src=\"https:\/\/skin.club\/community\/wp-content\/uploads\/2023\/05\/Juve.png\" alt=\"Juve\" class=\"player__photo\">\n<\/p><\/div>\n<div class=\"player\">\n<img decoding=\"async\" src=\"https:\/\/skin.club\/community\/wp-content\/uploads\/2023\/04\/e3398fc7-1c7e-4ece-bdcc-8312cfe6e14f.webp\" alt=\"Team\" class=\"player__logo\">\n<p class=\"player__name\">CRUC1AL<\/p>\n<p class=\"player__prof\">jugador<\/p>\n<p><img decoding=\"async\" src=\"https:\/\/skin.club\/community\/wp-content\/uploads\/2023\/05\/CRUC1AL.png\" alt=\"CRUC1AL\" class=\"player__photo\">\n<\/p><\/div>\n<div class=\"player\">\n<img decoding=\"async\" src=\"https:\/\/skin.club\/community\/wp-content\/uploads\/2023\/04\/e3398fc7-1c7e-4ece-bdcc-8312cfe6e14f.webp\" alt=\"Team\" class=\"player__logo\">\n<p class=\"player__name\">CYPHER<\/p>\n<p class=\"player__prof\">jugador<\/p>\n<p><img decoding=\"async\" src=\"https:\/\/skin.club\/community\/wp-content\/uploads\/2023\/05\/CYPHER.png\" alt=\"CYPHER\" class=\"player__photo\">\n<\/p><\/div>\n<div class=\"player\">\n<img decoding=\"async\" src=\"https:\/\/skin.club\/community\/wp-content\/uploads\/2023\/04\/e3398fc7-1c7e-4ece-bdcc-8312cfe6e14f.webp\" alt=\"Team\" class=\"player__logo\">\n<p class=\"player__name\">rallen<\/p>\n<p class=\"player__prof\">jugador<\/p>\n<p><img decoding=\"async\" src=\"https:\/\/skin.club\/community\/wp-content\/uploads\/2023\/05\/rallen.png\" alt=\"rallen\" class=\"player__photo\">\n<\/p><\/div>\n<div class=\"player\">\n<img decoding=\"async\" src=\"https:\/\/skin.club\/community\/wp-content\/uploads\/2023\/04\/e3398fc7-1c7e-4ece-bdcc-8312cfe6e14f.webp\" alt=\"Team\" class=\"player__logo\">\n<p class=\"player__name\">Thomas<\/p>\n<p class=\"player__prof\">jugador<\/p>\n<p><img decoding=\"async\" src=\"https:\/\/skin.club\/community\/wp-content\/uploads\/2023\/05\/Thomas.png\" alt=\"Thomas\" class=\"player__photo\">\n<\/p><\/div>\n<div class=\"player\">\n<img decoding=\"async\" src=\"https:\/\/skin.club\/community\/wp-content\/uploads\/2023\/04\/e3398fc7-1c7e-4ece-bdcc-8312cfe6e14f.webp\" alt=\"Team\" class=\"player__logo\">\n<p class=\"player__name\">volt<\/p>\n<p class=\"player__prof\">jugador<\/p>\n<p><img decoding=\"async\" src=\"https:\/\/skin.club\/community\/wp-content\/uploads\/2023\/05\/volt.png\" alt=\"volt\" class=\"player__photo\">\n<\/p><\/div>\n<\/div>\n<h2>Acerca de nuestra colaboraci\u00f3n<\/h2>\n<p>\u00a1Skin.Club tiene una gran pasi\u00f3n por la parte de los esport de Counter-Strike y apoyar\u00e1 a los j\u00f3venes talentos de Into The Breach!<\/p>\n<p>Skin.Club tambi\u00e9n ser\u00e1 el anfitri\u00f3n del evento Skin.Club Major durante el Major, con nuevas cajas, sorteos y dise\u00f1os.<\/p>\n<p>\u00a1Mira el Blast Paris Major 2023, y anima a Into The Breach con Skin.Club!<\/p>\n","protected":false},"excerpt":{"rendered":"<p>Into The Breach fue una sorpresa en los clasificatorios europeos del RMR para el BLAST Paris Major. Esta es la primera vez que este equipo llega al major y ya han logrado llegar a la Etapa de Leyendas del \u00faltimo Major de CS:GO. \u00a1Deseamos buena suerte a esta alineaci\u00f3n en el Paris Major! Se merecen [&hellip;]<\/p>\n","protected":false},"author":4,"featured_media":0,"parent":0,"menu_order":0,"comment_status":"closed","ping_status":"closed","template":"","meta":{"_acf_changed":false,"footnotes":""},"class_list":["post-9193","page","type-page","status-publish","hentry"],"acf":[],"yoast_head":"<!-- This site is optimized with the Yoast SEO plugin v27.4 - https:\/\/yoast.com\/product\/yoast-seo-wordpress\/ -->\n<title>Jugadores del equipo Into The Breach | Skin.club<\/title>\n<meta name=\"description\" content=\"Into The Breach fue una sorpresa en las clasificatorias europeas del RMR para el BLAST Paris Major. \u00a1Mira las fotos de estas celebridades!\" \/>\n<meta name=\"robots\" content=\"index, follow, max-snippet:-1, max-image-preview:large, max-video-preview:-1\" \/>\n<link rel=\"canonical\" href=\"https:\/\/community.skin.club\/es\/en-la-brecha\" \/>\n<meta property=\"og:locale\" content=\"es_ES\" \/>\n<meta property=\"og:type\" content=\"article\" \/>\n<meta property=\"og:title\" content=\"Jugadores del equipo Into The Breach | Skin.club\" \/>\n<meta property=\"og:description\" content=\"Into The Breach fue una sorpresa en las clasificatorias europeas del RMR para el BLAST Paris Major. \u00a1Mira las fotos de estas celebridades!\" \/>\n<meta property=\"og:url\" content=\"https:\/\/community.skin.club\/es\/en-la-brecha\" \/>\n<meta property=\"og:site_name\" content=\"CS2 &amp; CS:GO Articles, News, Events | Skin.Club Community\" \/>\n<meta property=\"article:modified_time\" content=\"2023-06-15T12:34:31+00:00\" \/>\n<meta property=\"og:image\" content=\"https:\/\/community.skin.club\/wp-content\/uploads\/2023\/04\/02.jpg\" \/>\n\t<meta property=\"og:image:width\" content=\"1920\" \/>\n\t<meta property=\"og:image:height\" content=\"1080\" \/>\n\t<meta property=\"og:image:type\" content=\"image\/jpeg\" \/>\n<meta name=\"twitter:card\" content=\"summary_large_image\" \/>\n<meta name=\"twitter:label1\" content=\"Tiempo de lectura\" \/>\n\t<meta name=\"twitter:data1\" content=\"1 minuto\" \/>\n<script type=\"application\/ld+json\" class=\"yoast-schema-graph\">{\"@context\":\"https:\\\/\\\/schema.org\",\"@graph\":[{\"@type\":\"WebPage\",\"@id\":\"https:\\\/\\\/community.skin.club\\\/es\\\/en-la-brecha\",\"url\":\"https:\\\/\\\/community.skin.club\\\/es\\\/en-la-brecha\",\"name\":\"Jugadores del equipo Into The Breach | Skin.club\",\"isPartOf\":{\"@id\":\"https:\\\/\\\/community.skin.club\\\/es#website\"},\"primaryImageOfPage\":{\"@id\":\"https:\\\/\\\/community.skin.club\\\/es\\\/en-la-brecha#primaryimage\"},\"image\":{\"@id\":\"https:\\\/\\\/community.skin.club\\\/es\\\/en-la-brecha#primaryimage\"},\"thumbnailUrl\":\"https:\\\/\\\/skin.club\\\/community\\\/wp-content\\\/uploads\\\/2023\\\/05\\\/SK-2-1.jpg\",\"datePublished\":\"2023-04-28T15:12:31+00:00\",\"dateModified\":\"2023-06-15T12:34:31+00:00\",\"description\":\"Into The Breach fue una sorpresa en las clasificatorias europeas del RMR para el BLAST Paris Major. \u00a1Mira las fotos de estas celebridades!\",\"breadcrumb\":{\"@id\":\"https:\\\/\\\/community.skin.club\\\/es\\\/en-la-brecha#breadcrumb\"},\"inLanguage\":\"es\",\"potentialAction\":[{\"@type\":\"ReadAction\",\"target\":[\"https:\\\/\\\/community.skin.club\\\/es\\\/en-la-brecha\"]}]},{\"@type\":\"ImageObject\",\"inLanguage\":\"es\",\"@id\":\"https:\\\/\\\/community.skin.club\\\/es\\\/en-la-brecha#primaryimage\",\"url\":\"https:\\\/\\\/skin.club\\\/community\\\/wp-content\\\/uploads\\\/2023\\\/05\\\/SK-2-1.jpg\",\"contentUrl\":\"https:\\\/\\\/skin.club\\\/community\\\/wp-content\\\/uploads\\\/2023\\\/05\\\/SK-2-1.jpg\"},{\"@type\":\"BreadcrumbList\",\"@id\":\"https:\\\/\\\/community.skin.club\\\/es\\\/en-la-brecha#breadcrumb\",\"itemListElement\":[{\"@type\":\"ListItem\",\"position\":1,\"name\":\"Comunidad\",\"item\":\"http:\\\/\\\/community.skin.club\\\/es\\\/homepage\"},{\"@type\":\"ListItem\",\"position\":2,\"name\":\"Into The Breach\"}]},{\"@type\":\"WebSite\",\"@id\":\"https:\\\/\\\/community.skin.club\\\/es#website\",\"url\":\"https:\\\/\\\/community.skin.club\\\/es\",\"name\":\"CS:GO - Events, news, recommendations\",\"description\":\"CS:GO\",\"publisher\":{\"@id\":\"https:\\\/\\\/community.skin.club\\\/es#organization\"},\"alternateName\":\"CS:GO - news\",\"potentialAction\":[{\"@type\":\"SearchAction\",\"target\":{\"@type\":\"EntryPoint\",\"urlTemplate\":\"https:\\\/\\\/community.skin.club\\\/es?s={search_term_string}\"},\"query-input\":{\"@type\":\"PropertyValueSpecification\",\"valueRequired\":true,\"valueName\":\"search_term_string\"}}],\"inLanguage\":\"es\"},{\"@type\":\"Organization\",\"@id\":\"https:\\\/\\\/community.skin.club\\\/es#organization\",\"name\":\"SkinClub\",\"url\":\"https:\\\/\\\/community.skin.club\\\/es\",\"logo\":{\"@type\":\"ImageObject\",\"inLanguage\":\"es\",\"@id\":\"https:\\\/\\\/community.skin.club\\\/es#\\\/schema\\\/logo\\\/image\\\/\",\"url\":\"https:\\\/\\\/community.skin.club\\\/wp-content\\\/uploads\\\/2022\\\/07\\\/logo-1-1.png\",\"contentUrl\":\"https:\\\/\\\/community.skin.club\\\/wp-content\\\/uploads\\\/2022\\\/07\\\/logo-1-1.png\",\"width\":512,\"height\":490,\"caption\":\"SkinClub\"},\"image\":{\"@id\":\"https:\\\/\\\/community.skin.club\\\/es#\\\/schema\\\/logo\\\/image\\\/\"}}]}<\/script>\n<!-- \/ Yoast SEO plugin. -->","yoast_head_json":{"title":"Jugadores del equipo Into The Breach | Skin.club","description":"Into The Breach fue una sorpresa en las clasificatorias europeas del RMR para el BLAST Paris Major. \u00a1Mira las fotos de estas celebridades!","robots":{"index":"index","follow":"follow","max-snippet":"max-snippet:-1","max-image-preview":"max-image-preview:large","max-video-preview":"max-video-preview:-1"},"canonical":"https:\/\/community.skin.club\/es\/en-la-brecha","og_locale":"es_ES","og_type":"article","og_title":"Jugadores del equipo Into The Breach | Skin.club","og_description":"Into The Breach fue una sorpresa en las clasificatorias europeas del RMR para el BLAST Paris Major. \u00a1Mira las fotos de estas celebridades!","og_url":"https:\/\/community.skin.club\/es\/en-la-brecha","og_site_name":"CS2 &amp; CS:GO Articles, News, Events | Skin.Club Community","article_modified_time":"2023-06-15T12:34:31+00:00","og_image":[{"width":1920,"height":1080,"url":"https:\/\/community.skin.club\/wp-content\/uploads\/2023\/04\/02.jpg","type":"image\/jpeg"}],"twitter_card":"summary_large_image","twitter_misc":{"Tiempo de lectura":"1 minuto"},"schema":{"@context":"https:\/\/schema.org","@graph":[{"@type":"WebPage","@id":"https:\/\/community.skin.club\/es\/en-la-brecha","url":"https:\/\/community.skin.club\/es\/en-la-brecha","name":"Jugadores del equipo Into The Breach | Skin.club","isPartOf":{"@id":"https:\/\/community.skin.club\/es#website"},"primaryImageOfPage":{"@id":"https:\/\/community.skin.club\/es\/en-la-brecha#primaryimage"},"image":{"@id":"https:\/\/community.skin.club\/es\/en-la-brecha#primaryimage"},"thumbnailUrl":"https:\/\/skin.club\/community\/wp-content\/uploads\/2023\/05\/SK-2-1.jpg","datePublished":"2023-04-28T15:12:31+00:00","dateModified":"2023-06-15T12:34:31+00:00","description":"Into The Breach fue una sorpresa en las clasificatorias europeas del RMR para el BLAST Paris Major. \u00a1Mira las fotos de estas celebridades!","breadcrumb":{"@id":"https:\/\/community.skin.club\/es\/en-la-brecha#breadcrumb"},"inLanguage":"es","potentialAction":[{"@type":"ReadAction","target":["https:\/\/community.skin.club\/es\/en-la-brecha"]}]},{"@type":"ImageObject","inLanguage":"es","@id":"https:\/\/community.skin.club\/es\/en-la-brecha#primaryimage","url":"https:\/\/skin.club\/community\/wp-content\/uploads\/2023\/05\/SK-2-1.jpg","contentUrl":"https:\/\/skin.club\/community\/wp-content\/uploads\/2023\/05\/SK-2-1.jpg"},{"@type":"BreadcrumbList","@id":"https:\/\/community.skin.club\/es\/en-la-brecha#breadcrumb","itemListElement":[{"@type":"ListItem","position":1,"name":"Comunidad","item":"http:\/\/community.skin.club\/es\/homepage"},{"@type":"ListItem","position":2,"name":"Into The Breach"}]},{"@type":"WebSite","@id":"https:\/\/community.skin.club\/es#website","url":"https:\/\/community.skin.club\/es","name":"CS:GO - Events, news, recommendations","description":"CS:GO","publisher":{"@id":"https:\/\/community.skin.club\/es#organization"},"alternateName":"CS:GO - news","potentialAction":[{"@type":"SearchAction","target":{"@type":"EntryPoint","urlTemplate":"https:\/\/community.skin.club\/es?s={search_term_string}"},"query-input":{"@type":"PropertyValueSpecification","valueRequired":true,"valueName":"search_term_string"}}],"inLanguage":"es"},{"@type":"Organization","@id":"https:\/\/community.skin.club\/es#organization","name":"SkinClub","url":"https:\/\/community.skin.club\/es","logo":{"@type":"ImageObject","inLanguage":"es","@id":"https:\/\/community.skin.club\/es#\/schema\/logo\/image\/","url":"https:\/\/community.skin.club\/wp-content\/uploads\/2022\/07\/logo-1-1.png","contentUrl":"https:\/\/community.skin.club\/wp-content\/uploads\/2022\/07\/logo-1-1.png","width":512,"height":490,"caption":"SkinClub"},"image":{"@id":"https:\/\/community.skin.club\/es#\/schema\/logo\/image\/"}}]}},"_links":{"self":[{"href":"https:\/\/community.skin.club\/es\/wp-json\/wp\/v2\/pages\/9193","targetHints":{"allow":["GET"]}}],"collection":[{"href":"https:\/\/community.skin.club\/es\/wp-json\/wp\/v2\/pages"}],"about":[{"href":"https:\/\/community.skin.club\/es\/wp-json\/wp\/v2\/types\/page"}],"author":[{"embeddable":true,"href":"https:\/\/community.skin.club\/es\/wp-json\/wp\/v2\/users\/4"}],"replies":[{"embeddable":true,"href":"https:\/\/community.skin.club\/es\/wp-json\/wp\/v2\/comments?post=9193"}],"version-history":[{"count":2,"href":"https:\/\/community.skin.club\/es\/wp-json\/wp\/v2\/pages\/9193\/revisions"}],"predecessor-version":[{"id":10144,"href":"https:\/\/community.skin.club\/es\/wp-json\/wp\/v2\/pages\/9193\/revisions\/10144"}],"wp:attachment":[{"href":"https:\/\/community.skin.club\/es\/wp-json\/wp\/v2\/media?parent=9193"}],"curies":[{"name":"wp","href":"https:\/\/api.w.org\/{rel}","templated":true}]}}