{"id":140886,"date":"2022-06-28T10:08:43","date_gmt":"2022-06-28T10:08:43","guid":{"rendered":"https:\/\/skin.club\/community?page_id=140886"},"modified":"2025-08-27T06:57:43","modified_gmt":"2025-08-27T06:57:43","slug":"support","status":"publish","type":"page","link":"https:\/\/community.skin.club\/fi\/support","title":{"rendered":"Tuki"},"content":{"rendered":"<h2><strong>Miten voit ottaa yhteytt\u00e4 tukeen?<\/strong><\/h2>\n<div class=\"mark\">Yhteis\u00f6ss\u00e4mme on hy\u00f6dyllinen asiakastukipalvelu. Se on eritt\u00e4in tunnettu digitaalisessa maailmassa. Tukiosastomme ty\u00f6skentelee 24\/7 joka p\u00e4iv\u00e4. On eritt\u00e4in t\u00e4rke\u00e4\u00e4 antaa nopeita vastauksia kysymyksiisi.<\/div>\n<p class=\"\" data-start=\"253\" data-end=\"367\">Jos haluat k\u00e4ytt\u00e4\u00e4 sit\u00e4, seuraa muutamia yksinkertaisia vinkkej\u00e4, jotka parantavat sen ty\u00f6skentelyn tehokkuutta:<\/p>\n<ul data-start=\"368\" data-end=\"759\" class=\"article-list-pink\">\n<li class=\"article-list-pink__item\"><b>T\u00e4rke\u00e4\u00e4.<\/b> Mit\u00e4 enemm\u00e4n hy\u00f6dyllist\u00e4 tietoa annat meille, sit\u00e4 helpompi on ratkaista ongelmasi.<\/li>\n<li class=\"article-list-pink__item\"><b>\u00c4l\u00e4 koskaan.<\/b> \u00c4l\u00e4 koskaan monista pyynt\u00f6j\u00e4si. Jos emme vastanneet heti, odota. \u00c4l\u00e4 kirjoita meille uudelleen kysymyksell\u00e4. Odota vastausta.<\/li>\n<li class=\"article-list-pink__item\"><b>Muista.<\/b> Meill\u00e4 on <a class=\"\" href=\"https:\/\/skin.club\/en\/tos\" target=\"_new\" rel=\"noopener\" data-start=\"648\" data-end=\"698\">palvelumme k\u00e4ytt\u00f6ehdot<\/a>. Jos rikot niit\u00e4, emme voi auttaa sinua. Valitettavasti.<\/li>\n<\/ul>\n<h3 class=\"\" data-start=\"766\" data-end=\"817\"><strong>Sinulla on kaksi tapaa ottaa yhteytt\u00e4 tukeemme:<\/strong><\/h3>\n<ol data-start=\"818\" data-end=\"1071\">\n<li class=\"\" data-start=\"818\" data-end=\"901\">\n<p class=\"\" data-start=\"821\" data-end=\"901\">Avaa s\u00e4hk\u00f6postipalvelusi ja ota meihin yhteytt\u00e4 osoitteessa <a href=\"mailto:help@skin.club\">help@skin.club<\/a>.<\/p>\n<\/li>\n<li class=\"\" data-start=\"902\" data-end=\"1071\">\n<p class=\"\" data-start=\"905\" data-end=\"1071\">Avaa SKIN.CLUB ja kirjaudu sis\u00e4\u00e4n Steam-tilill\u00e4si. T\u00e4m\u00e4n j\u00e4lkeen n\u00e4et oikealla puolella verkkosivustollamme erityisen yhteydenottolomakkeen. Se on Tukilomake.<\/p>\n<\/li>\n<\/ol>\n<p data-start=\"1078\" data-end=\"1098\"><img loading=\"lazy\" decoding=\"async\" class=\"alignnone wp-image-89158\" src=\"https:\/\/skin.club\/community\/wp-content\/uploads\/2024\/09\/Event-BLAST-Premier-2024-1024x576.webp\" alt=\"\" width=\"1065\" height=\"599\" srcset=\"https:\/\/community.skin.club\/wp-content\/uploads\/2024\/09\/Event-BLAST-Premier-2024-1024x576.webp 1024w, https:\/\/community.skin.club\/wp-content\/uploads\/2024\/09\/Event-BLAST-Premier-2024-300x169.webp 300w, https:\/\/community.skin.club\/wp-content\/uploads\/2024\/09\/Event-BLAST-Premier-2024-768x432.webp 768w, https:\/\/community.skin.club\/wp-content\/uploads\/2024\/09\/Event-BLAST-Premier-2024-1536x864.webp 1536w, https:\/\/community.skin.club\/wp-content\/uploads\/2024\/09\/Event-BLAST-Premier-2024-2048x1152.webp 2048w\" sizes=\"(max-width: 1065px) 100vw, 1065px\" \/><\/p>\n<h2 data-start=\"1078\" data-end=\"1098\"><strong>T\u00e4rke\u00e4\u00e4 tietoa<\/strong><\/h2>\n<p class=\"\" data-start=\"1099\" data-end=\"1386\">Voit ottaa yhteytt\u00e4 tukeemme vain SKIN.CLUB-tukilomakkeen kautta verkkosivustollamme tai s\u00e4hk\u00f6postitse osoitteeseen <a href=\"maito:help@skin.club\" rel=\"noopener\" data-start=\"1221\" data-end=\"1235\">help@skin.club<\/a>. \u00c4l\u00e4 koskaan k\u00e4yt\u00e4: Steam, Discord, Facebook jne. yksityisviestej\u00e4. Vain tukilomakkeemme on luotettava ja virallinen yhteydenottotapa.<\/p>\n<p class=\"\" data-start=\"1388\" data-end=\"1673\">Eritt\u00e4in suuri m\u00e4\u00e4r\u00e4 ihmisi\u00e4 l\u00e4hett\u00e4\u00e4 yksityisviestej\u00e4 kontribuuttoreille, sis\u00e4ll\u00f6ntuottajille ja muille vapaaehtoisille tukiasioissa. \u00c4l\u00e4 tee sit\u00e4, kiitos. SkinClubin vapaaehtoiset eiv\u00e4t ole ty\u00f6ntekij\u00f6it\u00e4mme, eiv\u00e4tk\u00e4 he voi auttaa tukilipukkeiden ja raporttien kanssa.<\/p>\n","protected":false},"excerpt":{"rendered":"<p>Miten voit ottaa yhteytt\u00e4 tukeen? Jos haluat k\u00e4ytt\u00e4\u00e4 sit\u00e4, seuraa muutamia yksinkertaisia vinkkej\u00e4, jotka parantavat sen ty\u00f6skentelyn tehokkuutta: T\u00e4rke\u00e4\u00e4. Mit\u00e4 enemm\u00e4n hy\u00f6dyllist\u00e4 tietoa annat meille, sit\u00e4 helpompi on ratkaista ongelmasi. \u00c4l\u00e4 koskaan. \u00c4l\u00e4 koskaan monista pyynt\u00f6j\u00e4si. Jos emme vastanneet heti, odota. \u00c4l\u00e4 kirjoita meille uudelleen kysymyksell\u00e4. Odota vastausta. Muista. Meill\u00e4 on palvelumme k\u00e4ytt\u00f6ehdot. Jos rikot [&hellip;]<\/p>\n","protected":false},"author":14,"featured_media":174895,"parent":0,"menu_order":0,"comment_status":"closed","ping_status":"closed","template":"","meta":{"_acf_changed":false,"footnotes":""},"class_list":["post-140886","page","type-page","status-publish","has-post-thumbnail","hentry"],"acf":[],"yoast_head":"<!-- This site is optimized with the Yoast SEO plugin v27.4 - https:\/\/yoast.com\/product\/yoast-seo-wordpress\/ -->\n<title>Tuki<\/title>\n<meta name=\"robots\" content=\"noindex, follow, max-snippet:-1, max-image-preview:large, max-video-preview:-1\" \/>\n<meta property=\"og:locale\" content=\"fi_FI\" \/>\n<meta property=\"og:type\" content=\"article\" \/>\n<meta property=\"og:title\" content=\"Tuki\" \/>\n<meta property=\"og:description\" content=\"Miten voit ottaa yhteytt\u00e4 tukeen? Jos haluat k\u00e4ytt\u00e4\u00e4 sit\u00e4, seuraa muutamia yksinkertaisia vinkkej\u00e4, jotka parantavat sen ty\u00f6skentelyn tehokkuutta: T\u00e4rke\u00e4\u00e4. Mit\u00e4 enemm\u00e4n hy\u00f6dyllist\u00e4 tietoa annat meille, sit\u00e4 helpompi on ratkaista ongelmasi. \u00c4l\u00e4 koskaan. \u00c4l\u00e4 koskaan monista pyynt\u00f6j\u00e4si. Jos emme vastanneet heti, odota. \u00c4l\u00e4 kirjoita meille uudelleen kysymyksell\u00e4. Odota vastausta. Muista. Meill\u00e4 on palvelumme k\u00e4ytt\u00f6ehdot. Jos rikot [&hellip;]\" \/>\n<meta property=\"og:url\" content=\"https:\/\/community.skin.club\/fi\/support\" \/>\n<meta property=\"og:site_name\" content=\"CS2 &amp; CS:GO Articles, News, Events | Skin.Club Community\" \/>\n<meta property=\"article:modified_time\" content=\"2025-08-27T06:57:43+00:00\" \/>\n<meta property=\"og:image\" content=\"http:\/\/community.skin.club\/wp-content\/uploads\/2025\/05\/BANNER-020.webp\" \/>\n\t<meta property=\"og:image:width\" content=\"1920\" \/>\n\t<meta property=\"og:image:height\" content=\"1080\" \/>\n\t<meta property=\"og:image:type\" content=\"image\/webp\" \/>\n<meta name=\"twitter:card\" content=\"summary_large_image\" \/>\n<meta name=\"twitter:label1\" content=\"Arvioitu lukuaika\" \/>\n\t<meta name=\"twitter:data1\" content=\"1 minuutti\" \/>\n<script type=\"application\/ld+json\" class=\"yoast-schema-graph\">{\"@context\":\"https:\\\/\\\/schema.org\",\"@graph\":[{\"@type\":\"WebPage\",\"@id\":\"https:\\\/\\\/community.skin.club\\\/fi\\\/support\",\"url\":\"https:\\\/\\\/community.skin.club\\\/fi\\\/support\",\"name\":\"Tuki\",\"isPartOf\":{\"@id\":\"https:\\\/\\\/community.skin.club\\\/fi#website\"},\"primaryImageOfPage\":{\"@id\":\"https:\\\/\\\/community.skin.club\\\/fi\\\/support#primaryimage\"},\"image\":{\"@id\":\"https:\\\/\\\/community.skin.club\\\/fi\\\/support#primaryimage\"},\"thumbnailUrl\":\"https:\\\/\\\/community.skin.club\\\/wp-content\\\/uploads\\\/2025\\\/05\\\/BANNER-020.webp\",\"datePublished\":\"2022-06-28T10:08:43+00:00\",\"dateModified\":\"2025-08-27T06:57:43+00:00\",\"breadcrumb\":{\"@id\":\"https:\\\/\\\/community.skin.club\\\/fi\\\/support#breadcrumb\"},\"inLanguage\":\"fi\",\"potentialAction\":[{\"@type\":\"ReadAction\",\"target\":[\"https:\\\/\\\/community.skin.club\\\/fi\\\/support\"]}]},{\"@type\":\"ImageObject\",\"inLanguage\":\"fi\",\"@id\":\"https:\\\/\\\/community.skin.club\\\/fi\\\/support#primaryimage\",\"url\":\"https:\\\/\\\/community.skin.club\\\/wp-content\\\/uploads\\\/2025\\\/05\\\/BANNER-020.webp\",\"contentUrl\":\"https:\\\/\\\/community.skin.club\\\/wp-content\\\/uploads\\\/2025\\\/05\\\/BANNER-020.webp\",\"width\":1920,\"height\":1080,\"caption\":\"Support\"},{\"@type\":\"BreadcrumbList\",\"@id\":\"https:\\\/\\\/community.skin.club\\\/fi\\\/support#breadcrumb\",\"itemListElement\":[{\"@type\":\"ListItem\",\"position\":1,\"name\":\"Yhteis\u00f6\",\"item\":\"https:\\\/\\\/community.skin.club\\\/fi\"},{\"@type\":\"ListItem\",\"position\":2,\"name\":\"Tuki\"}]},{\"@type\":\"WebSite\",\"@id\":\"https:\\\/\\\/community.skin.club\\\/fi#website\",\"url\":\"https:\\\/\\\/community.skin.club\\\/fi\",\"name\":\"Skin.Club Community \u2014 CS2 News, Articles & Events\",\"description\":\"CS2 &amp; CS:GO Articles, News, Events | Skin.Club Community\",\"publisher\":{\"@id\":\"https:\\\/\\\/community.skin.club\\\/fi#organization\"},\"alternateName\":\"CS2 Community\",\"potentialAction\":[{\"@type\":\"SearchAction\",\"target\":{\"@type\":\"EntryPoint\",\"urlTemplate\":\"https:\\\/\\\/community.skin.club\\\/fi?s={search_term_string}\"},\"query-input\":{\"@type\":\"PropertyValueSpecification\",\"valueRequired\":true,\"valueName\":\"search_term_string\"}}],\"inLanguage\":\"fi\"},{\"@type\":\"Organization\",\"@id\":\"https:\\\/\\\/community.skin.club\\\/fi#organization\",\"name\":\"SkinClub\",\"url\":\"https:\\\/\\\/community.skin.club\\\/fi\",\"logo\":{\"@type\":\"ImageObject\",\"inLanguage\":\"fi\",\"@id\":\"https:\\\/\\\/community.skin.club\\\/fi#\\\/schema\\\/logo\\\/image\\\/\",\"url\":\"https:\\\/\\\/community.skin.club\\\/wp-content\\\/uploads\\\/2022\\\/07\\\/logo-1-1.png\",\"contentUrl\":\"https:\\\/\\\/community.skin.club\\\/wp-content\\\/uploads\\\/2022\\\/07\\\/logo-1-1.png\",\"width\":512,\"height\":490,\"caption\":\"SkinClub\"},\"image\":{\"@id\":\"https:\\\/\\\/community.skin.club\\\/fi#\\\/schema\\\/logo\\\/image\\\/\"}}]}<\/script>\n<!-- \/ Yoast SEO plugin. -->","yoast_head_json":{"title":"Tuki","robots":{"index":"noindex","follow":"follow","max-snippet":"max-snippet:-1","max-image-preview":"max-image-preview:large","max-video-preview":"max-video-preview:-1"},"og_locale":"fi_FI","og_type":"article","og_title":"Tuki","og_description":"Miten voit ottaa yhteytt\u00e4 tukeen? Jos haluat k\u00e4ytt\u00e4\u00e4 sit\u00e4, seuraa muutamia yksinkertaisia vinkkej\u00e4, jotka parantavat sen ty\u00f6skentelyn tehokkuutta: T\u00e4rke\u00e4\u00e4. Mit\u00e4 enemm\u00e4n hy\u00f6dyllist\u00e4 tietoa annat meille, sit\u00e4 helpompi on ratkaista ongelmasi. \u00c4l\u00e4 koskaan. \u00c4l\u00e4 koskaan monista pyynt\u00f6j\u00e4si. Jos emme vastanneet heti, odota. \u00c4l\u00e4 kirjoita meille uudelleen kysymyksell\u00e4. Odota vastausta. Muista. Meill\u00e4 on palvelumme k\u00e4ytt\u00f6ehdot. Jos rikot [&hellip;]","og_url":"https:\/\/community.skin.club\/fi\/support","og_site_name":"CS2 &amp; CS:GO Articles, News, Events | Skin.Club Community","article_modified_time":"2025-08-27T06:57:43+00:00","og_image":[{"width":1920,"height":1080,"url":"http:\/\/community.skin.club\/wp-content\/uploads\/2025\/05\/BANNER-020.webp","type":"image\/webp"}],"twitter_card":"summary_large_image","twitter_misc":{"Arvioitu lukuaika":"1 minuutti"},"schema":{"@context":"https:\/\/schema.org","@graph":[{"@type":"WebPage","@id":"https:\/\/community.skin.club\/fi\/support","url":"https:\/\/community.skin.club\/fi\/support","name":"Tuki","isPartOf":{"@id":"https:\/\/community.skin.club\/fi#website"},"primaryImageOfPage":{"@id":"https:\/\/community.skin.club\/fi\/support#primaryimage"},"image":{"@id":"https:\/\/community.skin.club\/fi\/support#primaryimage"},"thumbnailUrl":"https:\/\/community.skin.club\/wp-content\/uploads\/2025\/05\/BANNER-020.webp","datePublished":"2022-06-28T10:08:43+00:00","dateModified":"2025-08-27T06:57:43+00:00","breadcrumb":{"@id":"https:\/\/community.skin.club\/fi\/support#breadcrumb"},"inLanguage":"fi","potentialAction":[{"@type":"ReadAction","target":["https:\/\/community.skin.club\/fi\/support"]}]},{"@type":"ImageObject","inLanguage":"fi","@id":"https:\/\/community.skin.club\/fi\/support#primaryimage","url":"https:\/\/community.skin.club\/wp-content\/uploads\/2025\/05\/BANNER-020.webp","contentUrl":"https:\/\/community.skin.club\/wp-content\/uploads\/2025\/05\/BANNER-020.webp","width":1920,"height":1080,"caption":"Support"},{"@type":"BreadcrumbList","@id":"https:\/\/community.skin.club\/fi\/support#breadcrumb","itemListElement":[{"@type":"ListItem","position":1,"name":"Yhteis\u00f6","item":"https:\/\/community.skin.club\/fi"},{"@type":"ListItem","position":2,"name":"Tuki"}]},{"@type":"WebSite","@id":"https:\/\/community.skin.club\/fi#website","url":"https:\/\/community.skin.club\/fi","name":"Skin.Club Community \u2014 CS2 News, Articles & Events","description":"CS2 &amp; CS:GO Articles, News, Events | Skin.Club Community","publisher":{"@id":"https:\/\/community.skin.club\/fi#organization"},"alternateName":"CS2 Community","potentialAction":[{"@type":"SearchAction","target":{"@type":"EntryPoint","urlTemplate":"https:\/\/community.skin.club\/fi?s={search_term_string}"},"query-input":{"@type":"PropertyValueSpecification","valueRequired":true,"valueName":"search_term_string"}}],"inLanguage":"fi"},{"@type":"Organization","@id":"https:\/\/community.skin.club\/fi#organization","name":"SkinClub","url":"https:\/\/community.skin.club\/fi","logo":{"@type":"ImageObject","inLanguage":"fi","@id":"https:\/\/community.skin.club\/fi#\/schema\/logo\/image\/","url":"https:\/\/community.skin.club\/wp-content\/uploads\/2022\/07\/logo-1-1.png","contentUrl":"https:\/\/community.skin.club\/wp-content\/uploads\/2022\/07\/logo-1-1.png","width":512,"height":490,"caption":"SkinClub"},"image":{"@id":"https:\/\/community.skin.club\/fi#\/schema\/logo\/image\/"}}]}},"_links":{"self":[{"href":"https:\/\/community.skin.club\/fi\/wp-json\/wp\/v2\/pages\/140886","targetHints":{"allow":["GET"]}}],"collection":[{"href":"https:\/\/community.skin.club\/fi\/wp-json\/wp\/v2\/pages"}],"about":[{"href":"https:\/\/community.skin.club\/fi\/wp-json\/wp\/v2\/types\/page"}],"author":[{"embeddable":true,"href":"https:\/\/community.skin.club\/fi\/wp-json\/wp\/v2\/users\/14"}],"replies":[{"embeddable":true,"href":"https:\/\/community.skin.club\/fi\/wp-json\/wp\/v2\/comments?post=140886"}],"version-history":[{"count":5,"href":"https:\/\/community.skin.club\/fi\/wp-json\/wp\/v2\/pages\/140886\/revisions"}],"predecessor-version":[{"id":237737,"href":"https:\/\/community.skin.club\/fi\/wp-json\/wp\/v2\/pages\/140886\/revisions\/237737"}],"wp:featuredmedia":[{"embeddable":true,"href":"https:\/\/community.skin.club\/fi\/wp-json\/wp\/v2\/media\/174895"}],"wp:attachment":[{"href":"https:\/\/community.skin.club\/fi\/wp-json\/wp\/v2\/media?parent=140886"}],"curies":[{"name":"wp","href":"https:\/\/api.w.org\/{rel}","templated":true}]}}