{"id":9420,"date":"2023-04-28T15:12:31","date_gmt":"2023-04-28T15:12:31","guid":{"rendered":"https:\/\/skin.club\/community\/into-the-breach\/"},"modified":"2023-06-15T12:32:30","modified_gmt":"2023-06-15T12:32:30","slug":"into-the-breach","status":"publish","type":"page","link":"https:\/\/community.skin.club\/fr\/into-the-breach","title":{"rendered":"Into The Breach"},"content":{"rendered":"<p><img loading=\"lazy\" decoding=\"async\" src=\"https:\/\/skin.club\/community\/wp-content\/uploads\/2023\/05\/SK-2-1.jpg\" alt=\"Photo\" width=\"1920\" height=\"1080\" class=\"alignnone size-full wp-image-7957\"><\/p>\n<p>Into The Breach a cr\u00e9\u00e9 la surprise lors des qualifications europ\u00e9ennes du RMR pour le BLAST Paris Major.<\/p>\n<p>C\u2019est la premi\u00e8re fois que cette \u00e9quipe participe \u00e0 un tournoi Majeur et elle a d\u00e9j\u00e0 r\u00e9ussi \u00e0 atteindre la Legends Stage du dernier Major de CS:GO.<\/p>\n<p>Nous souhaitons bonne chance \u00e0 cette \u00e9quipe pour le Paris Major ! Ils m\u00e9ritent totalement leur place parmi les meilleures \u00e9quipes du monde en ce moment.<\/p>\n<h2>JOUEURS<\/h2>\n<div class=\"players\">\n<div class=\"player\">\n<img decoding=\"async\" src=\"https:\/\/skin.club\/community\/wp-content\/uploads\/2023\/04\/e3398fc7-1c7e-4ece-bdcc-8312cfe6e14f.webp\" alt=\"\u00c9quipe\" class=\"player__logo\">\n<p class=\"player__name\">Juve<\/p>\n<p class=\"player__prof\">coach<\/p>\n<p><img decoding=\"async\" src=\"https:\/\/skin.club\/community\/wp-content\/uploads\/2023\/05\/Juve.png\" alt=\"Juve\" class=\"player__photo\">\n<\/p><\/div>\n<div class=\"player\">\n<img decoding=\"async\" src=\"https:\/\/skin.club\/community\/wp-content\/uploads\/2023\/04\/e3398fc7-1c7e-4ece-bdcc-8312cfe6e14f.webp\" alt=\"\u00c9quipe\" class=\"player__logo\">\n<p class=\"player__name\">CRUC1AL<\/p>\n<p class=\"player__prof\">joueur<\/p>\n<p><img decoding=\"async\" src=\"https:\/\/skin.club\/community\/wp-content\/uploads\/2023\/05\/CRUC1AL.png\" alt=\"CRUC1AL\" class=\"player__photo\">\n<\/p><\/div>\n<div class=\"player\">\n<img decoding=\"async\" src=\"https:\/\/skin.club\/community\/wp-content\/uploads\/2023\/04\/e3398fc7-1c7e-4ece-bdcc-8312cfe6e14f.webp\" alt=\"\u00c9quipe\" class=\"player__logo\">\n<p class=\"player__name\">CYPHER<\/p>\n<p class=\"player__prof\">joueur<\/p>\n<p><img decoding=\"async\" src=\"https:\/\/skin.club\/community\/wp-content\/uploads\/2023\/05\/CYPHER.png\" alt=\"CYPHER\" class=\"player__photo\">\n<\/p><\/div>\n<div class=\"player\">\n<img decoding=\"async\" src=\"https:\/\/skin.club\/community\/wp-content\/uploads\/2023\/04\/e3398fc7-1c7e-4ece-bdcc-8312cfe6e14f.webp\" alt=\"\u00c9quipe\" class=\"player__logo\">\n<p class=\"player__name\">rallen<\/p>\n<p class=\"player__prof\">joueur<\/p>\n<p><img decoding=\"async\" src=\"https:\/\/skin.club\/community\/wp-content\/uploads\/2023\/05\/rallen.png\" alt=\"rallen\" class=\"player__photo\">\n<\/p><\/div>\n<div class=\"player\">\n<img decoding=\"async\" src=\"https:\/\/skin.club\/community\/wp-content\/uploads\/2023\/04\/e3398fc7-1c7e-4ece-bdcc-8312cfe6e14f.webp\" alt=\"\u00c9quipe\" class=\"player__logo\">\n<p class=\"player__name\">Thomas<\/p>\n<p class=\"player__prof\">joueur<\/p>\n<p><img decoding=\"async\" src=\"https:\/\/skin.club\/community\/wp-content\/uploads\/2023\/05\/Thomas.png\" alt=\"Thomas\" class=\"player__photo\">\n<\/p><\/div>\n<div class=\"player\">\n<img decoding=\"async\" src=\"https:\/\/skin.club\/community\/wp-content\/uploads\/2023\/04\/e3398fc7-1c7e-4ece-bdcc-8312cfe6e14f.webp\" alt=\"\u00c9quipe\" class=\"player__logo\">\n<p class=\"player__name\">volt<\/p>\n<p class=\"player__prof\">joueur<\/p>\n<p><img decoding=\"async\" src=\"https:\/\/skin.club\/community\/wp-content\/uploads\/2023\/05\/volt.png\" alt=\"volt\" class=\"player__photo\">\n<\/p><\/div>\n<\/div>\n<h2>\u00c0 propos de notre partenariat<\/h2>\n<p>Skin.Club a une forte passion pour la partie esport de Counter-Strike et soutiendra les jeunes talents d\u2019Into The Breach !<\/p>\n<p>Skin.Club organisera \u00e9galement l\u2019\u00e9v\u00e9nement Skin.Club Major pendant le Major, avec de nouvelles caisses, des cadeaux et des designs.<\/p>\n<p>Regardez le Blast Paris Major 2023 et encouragez Into The Breach avec Skin.Club !<\/p>\n","protected":false},"excerpt":{"rendered":"<p>Into The Breach a cr\u00e9\u00e9 la surprise lors des qualifications europ\u00e9ennes du RMR pour le BLAST Paris Major. C\u2019est la premi\u00e8re fois que cette \u00e9quipe participe \u00e0 un tournoi Majeur et elle a d\u00e9j\u00e0 r\u00e9ussi \u00e0 atteindre la Legends Stage du dernier Major de CS:GO. Nous souhaitons bonne chance \u00e0 cette \u00e9quipe pour le Paris [&hellip;]<\/p>\n","protected":false},"author":4,"featured_media":0,"parent":0,"menu_order":0,"comment_status":"closed","ping_status":"closed","template":"","meta":{"_acf_changed":false,"footnotes":""},"class_list":["post-9420","page","type-page","status-publish","hentry"],"acf":[],"yoast_head":"<!-- This site is optimized with the Yoast SEO plugin v27.4 - https:\/\/yoast.com\/product\/yoast-seo-wordpress\/ -->\n<title>\u00c9quipe Into The Breach joueurs | Skin.club<\/title>\n<meta name=\"description\" content=\"Into The Breach \u00e9tait un outsider des qualifications RMR europ\u00e9ennes pour le BLAST Paris Major. Regardez les photos de ces c\u00e9l\u00e9brit\u00e9s !\" \/>\n<meta name=\"robots\" content=\"index, follow, max-snippet:-1, max-image-preview:large, max-video-preview:-1\" \/>\n<link rel=\"canonical\" href=\"https:\/\/community.skin.club\/fr\/into-the-breach\" \/>\n<meta property=\"og:locale\" content=\"fr_FR\" \/>\n<meta property=\"og:type\" content=\"article\" \/>\n<meta property=\"og:title\" content=\"\u00c9quipe Into The Breach joueurs | Skin.club\" \/>\n<meta property=\"og:description\" content=\"Into The Breach \u00e9tait un outsider des qualifications RMR europ\u00e9ennes pour le BLAST Paris Major. Regardez les photos de ces c\u00e9l\u00e9brit\u00e9s !\" \/>\n<meta property=\"og:url\" content=\"https:\/\/community.skin.club\/fr\/into-the-breach\" \/>\n<meta property=\"og:site_name\" content=\"CS2 &amp; CS:GO Articles, News, Events | Skin.Club Community\" \/>\n<meta property=\"article:modified_time\" content=\"2023-06-15T12:32:30+00:00\" \/>\n<meta property=\"og:image\" content=\"https:\/\/community.skin.club\/wp-content\/uploads\/2023\/04\/02.jpg\" \/>\n\t<meta property=\"og:image:width\" content=\"1920\" \/>\n\t<meta property=\"og:image:height\" content=\"1080\" \/>\n\t<meta property=\"og:image:type\" content=\"image\/jpeg\" \/>\n<meta name=\"twitter:card\" content=\"summary_large_image\" \/>\n<meta name=\"twitter:label1\" content=\"Dur\u00e9e de lecture estim\u00e9e\" \/>\n\t<meta name=\"twitter:data1\" content=\"1 minute\" \/>\n<script type=\"application\/ld+json\" class=\"yoast-schema-graph\">{\"@context\":\"https:\\\/\\\/schema.org\",\"@graph\":[{\"@type\":\"WebPage\",\"@id\":\"https:\\\/\\\/community.skin.club\\\/fr\\\/into-the-breach\",\"url\":\"https:\\\/\\\/community.skin.club\\\/fr\\\/into-the-breach\",\"name\":\"\u00c9quipe Into The Breach joueurs | Skin.club\",\"isPartOf\":{\"@id\":\"https:\\\/\\\/community.skin.club\\\/fr#website\"},\"primaryImageOfPage\":{\"@id\":\"https:\\\/\\\/community.skin.club\\\/fr\\\/into-the-breach#primaryimage\"},\"image\":{\"@id\":\"https:\\\/\\\/community.skin.club\\\/fr\\\/into-the-breach#primaryimage\"},\"thumbnailUrl\":\"https:\\\/\\\/skin.club\\\/community\\\/wp-content\\\/uploads\\\/2023\\\/05\\\/SK-2-1.jpg\",\"datePublished\":\"2023-04-28T15:12:31+00:00\",\"dateModified\":\"2023-06-15T12:32:30+00:00\",\"description\":\"Into The Breach \u00e9tait un outsider des qualifications RMR europ\u00e9ennes pour le BLAST Paris Major. Regardez les photos de ces c\u00e9l\u00e9brit\u00e9s !\",\"breadcrumb\":{\"@id\":\"https:\\\/\\\/community.skin.club\\\/fr\\\/into-the-breach#breadcrumb\"},\"inLanguage\":\"fr-FR\",\"potentialAction\":[{\"@type\":\"ReadAction\",\"target\":[\"https:\\\/\\\/community.skin.club\\\/fr\\\/into-the-breach\"]}]},{\"@type\":\"ImageObject\",\"inLanguage\":\"fr-FR\",\"@id\":\"https:\\\/\\\/community.skin.club\\\/fr\\\/into-the-breach#primaryimage\",\"url\":\"https:\\\/\\\/skin.club\\\/community\\\/wp-content\\\/uploads\\\/2023\\\/05\\\/SK-2-1.jpg\",\"contentUrl\":\"https:\\\/\\\/skin.club\\\/community\\\/wp-content\\\/uploads\\\/2023\\\/05\\\/SK-2-1.jpg\"},{\"@type\":\"BreadcrumbList\",\"@id\":\"https:\\\/\\\/community.skin.club\\\/fr\\\/into-the-breach#breadcrumb\",\"itemListElement\":[{\"@type\":\"ListItem\",\"position\":1,\"name\":\"Communaut\u00e9\",\"item\":\"http:\\\/\\\/community.skin.club\\\/fr\\\/homepage\"},{\"@type\":\"ListItem\",\"position\":2,\"name\":\"Into The Breach\"}]},{\"@type\":\"WebSite\",\"@id\":\"https:\\\/\\\/community.skin.club\\\/fr#website\",\"url\":\"https:\\\/\\\/community.skin.club\\\/fr\",\"name\":\"CS:GO - Events, news, recommendations\",\"description\":\"CS:GO\",\"publisher\":{\"@id\":\"https:\\\/\\\/community.skin.club\\\/fr#organization\"},\"alternateName\":\"CS:GO - news\",\"potentialAction\":[{\"@type\":\"SearchAction\",\"target\":{\"@type\":\"EntryPoint\",\"urlTemplate\":\"https:\\\/\\\/community.skin.club\\\/fr?s={search_term_string}\"},\"query-input\":{\"@type\":\"PropertyValueSpecification\",\"valueRequired\":true,\"valueName\":\"search_term_string\"}}],\"inLanguage\":\"fr-FR\"},{\"@type\":\"Organization\",\"@id\":\"https:\\\/\\\/community.skin.club\\\/fr#organization\",\"name\":\"SkinClub\",\"url\":\"https:\\\/\\\/community.skin.club\\\/fr\",\"logo\":{\"@type\":\"ImageObject\",\"inLanguage\":\"fr-FR\",\"@id\":\"https:\\\/\\\/community.skin.club\\\/fr#\\\/schema\\\/logo\\\/image\\\/\",\"url\":\"https:\\\/\\\/community.skin.club\\\/wp-content\\\/uploads\\\/2022\\\/07\\\/logo-1-1.png\",\"contentUrl\":\"https:\\\/\\\/community.skin.club\\\/wp-content\\\/uploads\\\/2022\\\/07\\\/logo-1-1.png\",\"width\":512,\"height\":490,\"caption\":\"SkinClub\"},\"image\":{\"@id\":\"https:\\\/\\\/community.skin.club\\\/fr#\\\/schema\\\/logo\\\/image\\\/\"}}]}<\/script>\n<!-- \/ Yoast SEO plugin. -->","yoast_head_json":{"title":"\u00c9quipe Into The Breach joueurs | Skin.club","description":"Into The Breach \u00e9tait un outsider des qualifications RMR europ\u00e9ennes pour le BLAST Paris Major. Regardez les photos de ces c\u00e9l\u00e9brit\u00e9s !","robots":{"index":"index","follow":"follow","max-snippet":"max-snippet:-1","max-image-preview":"max-image-preview:large","max-video-preview":"max-video-preview:-1"},"canonical":"https:\/\/community.skin.club\/fr\/into-the-breach","og_locale":"fr_FR","og_type":"article","og_title":"\u00c9quipe Into The Breach joueurs | Skin.club","og_description":"Into The Breach \u00e9tait un outsider des qualifications RMR europ\u00e9ennes pour le BLAST Paris Major. Regardez les photos de ces c\u00e9l\u00e9brit\u00e9s !","og_url":"https:\/\/community.skin.club\/fr\/into-the-breach","og_site_name":"CS2 &amp; CS:GO Articles, News, Events | Skin.Club Community","article_modified_time":"2023-06-15T12:32:30+00:00","og_image":[{"width":1920,"height":1080,"url":"https:\/\/community.skin.club\/wp-content\/uploads\/2023\/04\/02.jpg","type":"image\/jpeg"}],"twitter_card":"summary_large_image","twitter_misc":{"Dur\u00e9e de lecture estim\u00e9e":"1 minute"},"schema":{"@context":"https:\/\/schema.org","@graph":[{"@type":"WebPage","@id":"https:\/\/community.skin.club\/fr\/into-the-breach","url":"https:\/\/community.skin.club\/fr\/into-the-breach","name":"\u00c9quipe Into The Breach joueurs | Skin.club","isPartOf":{"@id":"https:\/\/community.skin.club\/fr#website"},"primaryImageOfPage":{"@id":"https:\/\/community.skin.club\/fr\/into-the-breach#primaryimage"},"image":{"@id":"https:\/\/community.skin.club\/fr\/into-the-breach#primaryimage"},"thumbnailUrl":"https:\/\/skin.club\/community\/wp-content\/uploads\/2023\/05\/SK-2-1.jpg","datePublished":"2023-04-28T15:12:31+00:00","dateModified":"2023-06-15T12:32:30+00:00","description":"Into The Breach \u00e9tait un outsider des qualifications RMR europ\u00e9ennes pour le BLAST Paris Major. Regardez les photos de ces c\u00e9l\u00e9brit\u00e9s !","breadcrumb":{"@id":"https:\/\/community.skin.club\/fr\/into-the-breach#breadcrumb"},"inLanguage":"fr-FR","potentialAction":[{"@type":"ReadAction","target":["https:\/\/community.skin.club\/fr\/into-the-breach"]}]},{"@type":"ImageObject","inLanguage":"fr-FR","@id":"https:\/\/community.skin.club\/fr\/into-the-breach#primaryimage","url":"https:\/\/skin.club\/community\/wp-content\/uploads\/2023\/05\/SK-2-1.jpg","contentUrl":"https:\/\/skin.club\/community\/wp-content\/uploads\/2023\/05\/SK-2-1.jpg"},{"@type":"BreadcrumbList","@id":"https:\/\/community.skin.club\/fr\/into-the-breach#breadcrumb","itemListElement":[{"@type":"ListItem","position":1,"name":"Communaut\u00e9","item":"http:\/\/community.skin.club\/fr\/homepage"},{"@type":"ListItem","position":2,"name":"Into The Breach"}]},{"@type":"WebSite","@id":"https:\/\/community.skin.club\/fr#website","url":"https:\/\/community.skin.club\/fr","name":"CS:GO - Events, news, recommendations","description":"CS:GO","publisher":{"@id":"https:\/\/community.skin.club\/fr#organization"},"alternateName":"CS:GO - news","potentialAction":[{"@type":"SearchAction","target":{"@type":"EntryPoint","urlTemplate":"https:\/\/community.skin.club\/fr?s={search_term_string}"},"query-input":{"@type":"PropertyValueSpecification","valueRequired":true,"valueName":"search_term_string"}}],"inLanguage":"fr-FR"},{"@type":"Organization","@id":"https:\/\/community.skin.club\/fr#organization","name":"SkinClub","url":"https:\/\/community.skin.club\/fr","logo":{"@type":"ImageObject","inLanguage":"fr-FR","@id":"https:\/\/community.skin.club\/fr#\/schema\/logo\/image\/","url":"https:\/\/community.skin.club\/wp-content\/uploads\/2022\/07\/logo-1-1.png","contentUrl":"https:\/\/community.skin.club\/wp-content\/uploads\/2022\/07\/logo-1-1.png","width":512,"height":490,"caption":"SkinClub"},"image":{"@id":"https:\/\/community.skin.club\/fr#\/schema\/logo\/image\/"}}]}},"_links":{"self":[{"href":"https:\/\/community.skin.club\/fr\/wp-json\/wp\/v2\/pages\/9420","targetHints":{"allow":["GET"]}}],"collection":[{"href":"https:\/\/community.skin.club\/fr\/wp-json\/wp\/v2\/pages"}],"about":[{"href":"https:\/\/community.skin.club\/fr\/wp-json\/wp\/v2\/types\/page"}],"author":[{"embeddable":true,"href":"https:\/\/community.skin.club\/fr\/wp-json\/wp\/v2\/users\/4"}],"replies":[{"embeddable":true,"href":"https:\/\/community.skin.club\/fr\/wp-json\/wp\/v2\/comments?post=9420"}],"version-history":[{"count":2,"href":"https:\/\/community.skin.club\/fr\/wp-json\/wp\/v2\/pages\/9420\/revisions"}],"predecessor-version":[{"id":10145,"href":"https:\/\/community.skin.club\/fr\/wp-json\/wp\/v2\/pages\/9420\/revisions\/10145"}],"wp:attachment":[{"href":"https:\/\/community.skin.club\/fr\/wp-json\/wp\/v2\/media?parent=9420"}],"curies":[{"name":"wp","href":"https:\/\/api.w.org\/{rel}","templated":true}]}}