{"id":9430,"date":"2023-04-28T15:12:31","date_gmt":"2023-04-28T15:12:31","guid":{"rendered":"https:\/\/skin.club\/community\/into-the-breach\/"},"modified":"2023-06-15T12:33:24","modified_gmt":"2023-06-15T12:33:24","slug":"into-the-breach","status":"publish","type":"page","link":"https:\/\/community.skin.club\/it\/into-the-breach","title":{"rendered":"Into The Breach"},"content":{"rendered":"<p><img loading=\"lazy\" decoding=\"async\" src=\"https:\/\/skin.club\/community\/wp-content\/uploads\/2023\/05\/SK-2-1.jpg\" alt=\"Photo\" width=\"1920\" height=\"1080\" class=\"alignnone size-full wp-image-7957\"><\/p>\n<p>Into The Breach \u00e8 stata la sorpresa nelle qualificazioni RMR europee per il BLAST Paris Major.<\/p>\n<p>Questa \u00e8 la prima volta che questa formazione arriva al Major e sono gi\u00e0 riusciti a raggiungere la Legends Stage dell\u2019ultimo Major di CS:GO.<\/p>\n<p>Auguriamo a questa formazione buona fortuna per il Paris Major! Meritano totalmente il loro posto tra le migliori squadre al mondo al momento.<\/p>\n<h2>GIOCATORI<\/h2>\n<div class=\"players\">\n<div class=\"player\">\n<img decoding=\"async\" src=\"https:\/\/skin.club\/community\/wp-content\/uploads\/2023\/04\/e3398fc7-1c7e-4ece-bdcc-8312cfe6e14f.webp\" alt=\"Squadra\" class=\"player__logo\">\n<p class=\"player__name\">Juve<\/p>\n<p class=\"player__prof\">coach<\/p>\n<p><img decoding=\"async\" src=\"https:\/\/skin.club\/community\/wp-content\/uploads\/2023\/05\/Juve.png\" alt=\"Juve\" class=\"player__photo\">\n<\/p><\/div>\n<div class=\"player\">\n<img decoding=\"async\" src=\"https:\/\/skin.club\/community\/wp-content\/uploads\/2023\/04\/e3398fc7-1c7e-4ece-bdcc-8312cfe6e14f.webp\" alt=\"Squadra\" class=\"player__logo\">\n<p class=\"player__name\">CRUC1AL<\/p>\n<p class=\"player__prof\">giocatore<\/p>\n<p><img decoding=\"async\" src=\"https:\/\/skin.club\/community\/wp-content\/uploads\/2023\/05\/CRUC1AL.png\" alt=\"CRUC1AL\" class=\"player__photo\">\n<\/p><\/div>\n<div class=\"player\">\n<img decoding=\"async\" src=\"https:\/\/skin.club\/community\/wp-content\/uploads\/2023\/04\/e3398fc7-1c7e-4ece-bdcc-8312cfe6e14f.webp\" alt=\"Squadra\" class=\"player__logo\">\n<p class=\"player__name\">CYPHER<\/p>\n<p class=\"player__prof\">giocatore<\/p>\n<p><img decoding=\"async\" src=\"https:\/\/skin.club\/community\/wp-content\/uploads\/2023\/05\/CYPHER.png\" alt=\"CYPHER\" class=\"player__photo\">\n<\/p><\/div>\n<div class=\"player\">\n<img decoding=\"async\" src=\"https:\/\/skin.club\/community\/wp-content\/uploads\/2023\/04\/e3398fc7-1c7e-4ece-bdcc-8312cfe6e14f.webp\" alt=\"Squadra\" class=\"player__logo\">\n<p class=\"player__name\">rallen<\/p>\n<p class=\"player__prof\">giocatore<\/p>\n<p><img decoding=\"async\" src=\"https:\/\/skin.club\/community\/wp-content\/uploads\/2023\/05\/rallen.png\" alt=\"rallen\" class=\"player__photo\">\n<\/p><\/div>\n<div class=\"player\">\n<img decoding=\"async\" src=\"https:\/\/skin.club\/community\/wp-content\/uploads\/2023\/04\/e3398fc7-1c7e-4ece-bdcc-8312cfe6e14f.webp\" alt=\"Squadra\" class=\"player__logo\">\n<p class=\"player__name\">Thomas<\/p>\n<p class=\"player__prof\">giocatore<\/p>\n<p><img decoding=\"async\" src=\"https:\/\/skin.club\/community\/wp-content\/uploads\/2023\/05\/Thomas.png\" alt=\"Thomas\" class=\"player__photo\">\n<\/p><\/div>\n<div class=\"player\">\n<img decoding=\"async\" src=\"https:\/\/skin.club\/community\/wp-content\/uploads\/2023\/04\/e3398fc7-1c7e-4ece-bdcc-8312cfe6e14f.webp\" alt=\"Squadra\" class=\"player__logo\">\n<p class=\"player__name\">volt<\/p>\n<p class=\"player__prof\">giocatore<\/p>\n<p><img decoding=\"async\" src=\"https:\/\/skin.club\/community\/wp-content\/uploads\/2023\/05\/volt.png\" alt=\"volt\" class=\"player__photo\">\n<\/p><\/div>\n<\/div>\n<h2>Riguardo alla nostra collaborazione<\/h2>\n<p>Skin.Club ha una forte passione per la parte di esport di Counter-Strike e supporter\u00e0 i giovani talenti di Into The Breach!<\/p>\n<p>Skin.Club organizzer\u00e0 anche l\u2019evento Skin.Club Major durante il Major, con nuovi casse, regali e design.<\/p>\n<p>Guarda il Blast Paris Major 2023 e tifa per Into The Breach con Skin.Club!<\/p>\n","protected":false},"excerpt":{"rendered":"<p>Into The Breach \u00e8 stata la sorpresa nelle qualificazioni RMR europee per il BLAST Paris Major. Questa \u00e8 la prima volta che questa formazione arriva al Major e sono gi\u00e0 riusciti a raggiungere la Legends Stage dell\u2019ultimo Major di CS:GO. Auguriamo a questa formazione buona fortuna per il Paris Major! Meritano totalmente il loro posto [&hellip;]<\/p>\n","protected":false},"author":4,"featured_media":0,"parent":0,"menu_order":0,"comment_status":"closed","ping_status":"closed","template":"","meta":{"_acf_changed":false,"footnotes":""},"class_list":["post-9430","page","type-page","status-publish","hentry"],"acf":[],"yoast_head":"<!-- This site is optimized with the Yoast SEO plugin v27.4 - https:\/\/yoast.com\/product\/yoast-seo-wordpress\/ -->\n<title>Giocatori del Team Into The Breach | Skin.club<\/title>\n<meta name=\"description\" content=\"Into The Breach \u00e8 stata una sorpresa delle qualificazioni RMR europee per il BLAST Paris Major. Guarda le foto di queste celebrit\u00e0!\" \/>\n<meta name=\"robots\" content=\"index, follow, max-snippet:-1, max-image-preview:large, max-video-preview:-1\" \/>\n<link rel=\"canonical\" href=\"https:\/\/community.skin.club\/it\/into-the-breach\" \/>\n<meta property=\"og:locale\" content=\"it_IT\" \/>\n<meta property=\"og:type\" content=\"article\" \/>\n<meta property=\"og:title\" content=\"Giocatori del Team Into The Breach | Skin.club\" \/>\n<meta property=\"og:description\" content=\"Into The Breach \u00e8 stata una sorpresa delle qualificazioni RMR europee per il BLAST Paris Major. Guarda le foto di queste celebrit\u00e0!\" \/>\n<meta property=\"og:url\" content=\"https:\/\/community.skin.club\/it\/into-the-breach\" \/>\n<meta property=\"og:site_name\" content=\"CS2 &amp; CS:GO Articles, News, Events | Skin.Club Community\" \/>\n<meta property=\"article:modified_time\" content=\"2023-06-15T12:33:24+00:00\" \/>\n<meta property=\"og:image\" content=\"https:\/\/community.skin.club\/wp-content\/uploads\/2023\/04\/02.jpg\" \/>\n\t<meta property=\"og:image:width\" content=\"1920\" \/>\n\t<meta property=\"og:image:height\" content=\"1080\" \/>\n\t<meta property=\"og:image:type\" content=\"image\/jpeg\" \/>\n<meta name=\"twitter:card\" content=\"summary_large_image\" \/>\n<meta name=\"twitter:label1\" content=\"Tempo di lettura stimato\" \/>\n\t<meta name=\"twitter:data1\" content=\"1 minuto\" \/>\n<script type=\"application\/ld+json\" class=\"yoast-schema-graph\">{\"@context\":\"https:\\\/\\\/schema.org\",\"@graph\":[{\"@type\":\"WebPage\",\"@id\":\"https:\\\/\\\/community.skin.club\\\/it\\\/into-the-breach\",\"url\":\"https:\\\/\\\/community.skin.club\\\/it\\\/into-the-breach\",\"name\":\"Giocatori del Team Into The Breach | Skin.club\",\"isPartOf\":{\"@id\":\"https:\\\/\\\/community.skin.club\\\/it#website\"},\"primaryImageOfPage\":{\"@id\":\"https:\\\/\\\/community.skin.club\\\/it\\\/into-the-breach#primaryimage\"},\"image\":{\"@id\":\"https:\\\/\\\/community.skin.club\\\/it\\\/into-the-breach#primaryimage\"},\"thumbnailUrl\":\"https:\\\/\\\/skin.club\\\/community\\\/wp-content\\\/uploads\\\/2023\\\/05\\\/SK-2-1.jpg\",\"datePublished\":\"2023-04-28T15:12:31+00:00\",\"dateModified\":\"2023-06-15T12:33:24+00:00\",\"description\":\"Into The Breach \u00e8 stata una sorpresa delle qualificazioni RMR europee per il BLAST Paris Major. Guarda le foto di queste celebrit\u00e0!\",\"breadcrumb\":{\"@id\":\"https:\\\/\\\/community.skin.club\\\/it\\\/into-the-breach#breadcrumb\"},\"inLanguage\":\"it-IT\",\"potentialAction\":[{\"@type\":\"ReadAction\",\"target\":[\"https:\\\/\\\/community.skin.club\\\/it\\\/into-the-breach\"]}]},{\"@type\":\"ImageObject\",\"inLanguage\":\"it-IT\",\"@id\":\"https:\\\/\\\/community.skin.club\\\/it\\\/into-the-breach#primaryimage\",\"url\":\"https:\\\/\\\/skin.club\\\/community\\\/wp-content\\\/uploads\\\/2023\\\/05\\\/SK-2-1.jpg\",\"contentUrl\":\"https:\\\/\\\/skin.club\\\/community\\\/wp-content\\\/uploads\\\/2023\\\/05\\\/SK-2-1.jpg\"},{\"@type\":\"BreadcrumbList\",\"@id\":\"https:\\\/\\\/community.skin.club\\\/it\\\/into-the-breach#breadcrumb\",\"itemListElement\":[{\"@type\":\"ListItem\",\"position\":1,\"name\":\"Community\",\"item\":\"http:\\\/\\\/community.skin.club\\\/it\\\/homepage\"},{\"@type\":\"ListItem\",\"position\":2,\"name\":\"Into The Breach\"}]},{\"@type\":\"WebSite\",\"@id\":\"https:\\\/\\\/community.skin.club\\\/it#website\",\"url\":\"https:\\\/\\\/community.skin.club\\\/it\",\"name\":\"CS:GO - Events, news, recommendations\",\"description\":\"CS2 &amp; CS:GO Articles, News, Events | Skin.Club Community\",\"publisher\":{\"@id\":\"https:\\\/\\\/community.skin.club\\\/it#organization\"},\"alternateName\":\"CS:GO - news\",\"potentialAction\":[{\"@type\":\"SearchAction\",\"target\":{\"@type\":\"EntryPoint\",\"urlTemplate\":\"https:\\\/\\\/community.skin.club\\\/it?s={search_term_string}\"},\"query-input\":{\"@type\":\"PropertyValueSpecification\",\"valueRequired\":true,\"valueName\":\"search_term_string\"}}],\"inLanguage\":\"it-IT\"},{\"@type\":\"Organization\",\"@id\":\"https:\\\/\\\/community.skin.club\\\/it#organization\",\"name\":\"SkinClub\",\"url\":\"https:\\\/\\\/community.skin.club\\\/it\",\"logo\":{\"@type\":\"ImageObject\",\"inLanguage\":\"it-IT\",\"@id\":\"https:\\\/\\\/community.skin.club\\\/it#\\\/schema\\\/logo\\\/image\\\/\",\"url\":\"https:\\\/\\\/community.skin.club\\\/wp-content\\\/uploads\\\/2022\\\/07\\\/logo-1-1.png\",\"contentUrl\":\"https:\\\/\\\/community.skin.club\\\/wp-content\\\/uploads\\\/2022\\\/07\\\/logo-1-1.png\",\"width\":512,\"height\":490,\"caption\":\"SkinClub\"},\"image\":{\"@id\":\"https:\\\/\\\/community.skin.club\\\/it#\\\/schema\\\/logo\\\/image\\\/\"}}]}<\/script>\n<!-- \/ Yoast SEO plugin. -->","yoast_head_json":{"title":"Giocatori del Team Into The Breach | Skin.club","description":"Into The Breach \u00e8 stata una sorpresa delle qualificazioni RMR europee per il BLAST Paris Major. Guarda le foto di queste celebrit\u00e0!","robots":{"index":"index","follow":"follow","max-snippet":"max-snippet:-1","max-image-preview":"max-image-preview:large","max-video-preview":"max-video-preview:-1"},"canonical":"https:\/\/community.skin.club\/it\/into-the-breach","og_locale":"it_IT","og_type":"article","og_title":"Giocatori del Team Into The Breach | Skin.club","og_description":"Into The Breach \u00e8 stata una sorpresa delle qualificazioni RMR europee per il BLAST Paris Major. Guarda le foto di queste celebrit\u00e0!","og_url":"https:\/\/community.skin.club\/it\/into-the-breach","og_site_name":"CS2 &amp; CS:GO Articles, News, Events | Skin.Club Community","article_modified_time":"2023-06-15T12:33:24+00:00","og_image":[{"width":1920,"height":1080,"url":"https:\/\/community.skin.club\/wp-content\/uploads\/2023\/04\/02.jpg","type":"image\/jpeg"}],"twitter_card":"summary_large_image","twitter_misc":{"Tempo di lettura stimato":"1 minuto"},"schema":{"@context":"https:\/\/schema.org","@graph":[{"@type":"WebPage","@id":"https:\/\/community.skin.club\/it\/into-the-breach","url":"https:\/\/community.skin.club\/it\/into-the-breach","name":"Giocatori del Team Into The Breach | Skin.club","isPartOf":{"@id":"https:\/\/community.skin.club\/it#website"},"primaryImageOfPage":{"@id":"https:\/\/community.skin.club\/it\/into-the-breach#primaryimage"},"image":{"@id":"https:\/\/community.skin.club\/it\/into-the-breach#primaryimage"},"thumbnailUrl":"https:\/\/skin.club\/community\/wp-content\/uploads\/2023\/05\/SK-2-1.jpg","datePublished":"2023-04-28T15:12:31+00:00","dateModified":"2023-06-15T12:33:24+00:00","description":"Into The Breach \u00e8 stata una sorpresa delle qualificazioni RMR europee per il BLAST Paris Major. Guarda le foto di queste celebrit\u00e0!","breadcrumb":{"@id":"https:\/\/community.skin.club\/it\/into-the-breach#breadcrumb"},"inLanguage":"it-IT","potentialAction":[{"@type":"ReadAction","target":["https:\/\/community.skin.club\/it\/into-the-breach"]}]},{"@type":"ImageObject","inLanguage":"it-IT","@id":"https:\/\/community.skin.club\/it\/into-the-breach#primaryimage","url":"https:\/\/skin.club\/community\/wp-content\/uploads\/2023\/05\/SK-2-1.jpg","contentUrl":"https:\/\/skin.club\/community\/wp-content\/uploads\/2023\/05\/SK-2-1.jpg"},{"@type":"BreadcrumbList","@id":"https:\/\/community.skin.club\/it\/into-the-breach#breadcrumb","itemListElement":[{"@type":"ListItem","position":1,"name":"Community","item":"http:\/\/community.skin.club\/it\/homepage"},{"@type":"ListItem","position":2,"name":"Into The Breach"}]},{"@type":"WebSite","@id":"https:\/\/community.skin.club\/it#website","url":"https:\/\/community.skin.club\/it","name":"CS:GO - Events, news, recommendations","description":"CS2 &amp; CS:GO Articles, News, Events | Skin.Club Community","publisher":{"@id":"https:\/\/community.skin.club\/it#organization"},"alternateName":"CS:GO - news","potentialAction":[{"@type":"SearchAction","target":{"@type":"EntryPoint","urlTemplate":"https:\/\/community.skin.club\/it?s={search_term_string}"},"query-input":{"@type":"PropertyValueSpecification","valueRequired":true,"valueName":"search_term_string"}}],"inLanguage":"it-IT"},{"@type":"Organization","@id":"https:\/\/community.skin.club\/it#organization","name":"SkinClub","url":"https:\/\/community.skin.club\/it","logo":{"@type":"ImageObject","inLanguage":"it-IT","@id":"https:\/\/community.skin.club\/it#\/schema\/logo\/image\/","url":"https:\/\/community.skin.club\/wp-content\/uploads\/2022\/07\/logo-1-1.png","contentUrl":"https:\/\/community.skin.club\/wp-content\/uploads\/2022\/07\/logo-1-1.png","width":512,"height":490,"caption":"SkinClub"},"image":{"@id":"https:\/\/community.skin.club\/it#\/schema\/logo\/image\/"}}]}},"_links":{"self":[{"href":"https:\/\/community.skin.club\/it\/wp-json\/wp\/v2\/pages\/9430","targetHints":{"allow":["GET"]}}],"collection":[{"href":"https:\/\/community.skin.club\/it\/wp-json\/wp\/v2\/pages"}],"about":[{"href":"https:\/\/community.skin.club\/it\/wp-json\/wp\/v2\/types\/page"}],"author":[{"embeddable":true,"href":"https:\/\/community.skin.club\/it\/wp-json\/wp\/v2\/users\/4"}],"replies":[{"embeddable":true,"href":"https:\/\/community.skin.club\/it\/wp-json\/wp\/v2\/comments?post=9430"}],"version-history":[{"count":2,"href":"https:\/\/community.skin.club\/it\/wp-json\/wp\/v2\/pages\/9430\/revisions"}],"predecessor-version":[{"id":10148,"href":"https:\/\/community.skin.club\/it\/wp-json\/wp\/v2\/pages\/9430\/revisions\/10148"}],"wp:attachment":[{"href":"https:\/\/community.skin.club\/it\/wp-json\/wp\/v2\/media?parent=9430"}],"curies":[{"name":"wp","href":"https:\/\/api.w.org\/{rel}","templated":true}]}}