{"id":9434,"date":"2023-04-28T15:12:31","date_gmt":"2023-04-28T15:12:31","guid":{"rendered":"https:\/\/skin.club\/community\/into-the-breach\/"},"modified":"2023-06-15T12:33:44","modified_gmt":"2023-06-15T12:33:44","slug":"into-the-breach","status":"publish","type":"page","link":"https:\/\/community.skin.club\/pl\/into-the-breach","title":{"rendered":"Into The Breach"},"content":{"rendered":"<p><img loading=\"lazy\" decoding=\"async\" src=\"https:\/\/skin.club\/community\/wp-content\/uploads\/2023\/05\/SK-2-1.jpg\" alt=\"Photo\" width=\"1920\" height=\"1080\" class=\"alignnone size-full wp-image-7957\"><\/p>\n<p>Into The Breach by\u0142 czarnym koniem europejskich eliminacji RMR do turnieju BLAST Paris Major.<\/p>\n<p>To pierwszy raz, kiedy ten sk\u0142ad dochodzi do Majora i ju\u017c uda\u0142o im si\u0119 dotrze\u0107 do Legends Stage ostatniego Majora CS:GO.<\/p>\n<p>\u017byczymy temu sk\u0142adowi powodzenia na Paris Major! Wpe\u0142ni zas\u0142uguj\u0105 na swoje miejsce w\u015br\u00f3d najlepszych aktualnie dru\u017cyn na \u015bwiecie.<\/p>\n<h2>GRACZE<\/h2>\n<div class=\"players\">\n<div class=\"player\">\n<img decoding=\"async\" src=\"https:\/\/skin.club\/community\/wp-content\/uploads\/2023\/04\/e3398fc7-1c7e-4ece-bdcc-8312cfe6e14f.webp\" alt=\"Zesp\u00f3\u0142\" class=\"player__logo\">\n<p class=\"player__name\">Juve<\/p>\n<p class=\"player__prof\">coach<\/p>\n<p><img decoding=\"async\" src=\"https:\/\/skin.club\/community\/wp-content\/uploads\/2023\/05\/Juve.png\" alt=\"Juve\" class=\"player__photo\">\n<\/p><\/div>\n<div class=\"player\">\n<img decoding=\"async\" src=\"https:\/\/skin.club\/community\/wp-content\/uploads\/2023\/04\/e3398fc7-1c7e-4ece-bdcc-8312cfe6e14f.webp\" alt=\"Zesp\u00f3\u0142\" class=\"player__logo\">\n<p class=\"player__name\">CRUC1AL<\/p>\n<p class=\"player__prof\">gracz<\/p>\n<p><img decoding=\"async\" src=\"https:\/\/skin.club\/community\/wp-content\/uploads\/2023\/05\/CRUC1AL.png\" alt=\"CRUC1AL\" class=\"player__photo\">\n<\/p><\/div>\n<div class=\"player\">\n<img decoding=\"async\" src=\"https:\/\/skin.club\/community\/wp-content\/uploads\/2023\/04\/e3398fc7-1c7e-4ece-bdcc-8312cfe6e14f.webp\" alt=\"Zesp\u00f3\u0142\" class=\"player__logo\">\n<p class=\"player__name\">CYPHER<\/p>\n<p class=\"player__prof\">gracz<\/p>\n<p><img decoding=\"async\" src=\"https:\/\/skin.club\/community\/wp-content\/uploads\/2023\/05\/CYPHER.png\" alt=\"CYPHER\" class=\"player__photo\">\n<\/p><\/div>\n<div class=\"player\">\n<img decoding=\"async\" src=\"https:\/\/skin.club\/community\/wp-content\/uploads\/2023\/04\/e3398fc7-1c7e-4ece-bdcc-8312cfe6e14f.webp\" alt=\"Zesp\u00f3\u0142\" class=\"player__logo\">\n<p class=\"player__name\">rallen<\/p>\n<p class=\"player__prof\">gracz<\/p>\n<p><img decoding=\"async\" src=\"https:\/\/skin.club\/community\/wp-content\/uploads\/2023\/05\/rallen.png\" alt=\"rallen\" class=\"player__photo\">\n<\/p><\/div>\n<div class=\"player\">\n<img decoding=\"async\" src=\"https:\/\/skin.club\/community\/wp-content\/uploads\/2023\/04\/e3398fc7-1c7e-4ece-bdcc-8312cfe6e14f.webp\" alt=\"Zesp\u00f3\u0142\" class=\"player__logo\">\n<p class=\"player__name\">Thomas<\/p>\n<p class=\"player__prof\">gracz<\/p>\n<p><img decoding=\"async\" src=\"https:\/\/skin.club\/community\/wp-content\/uploads\/2023\/05\/Thomas.png\" alt=\"Thomas\" class=\"player__photo\">\n<\/p><\/div>\n<div class=\"player\">\n<img decoding=\"async\" src=\"https:\/\/skin.club\/community\/wp-content\/uploads\/2023\/04\/e3398fc7-1c7e-4ece-bdcc-8312cfe6e14f.webp\" alt=\"Zesp\u00f3\u0142\" class=\"player__logo\">\n<p class=\"player__name\">volt<\/p>\n<p class=\"player__prof\">gracz<\/p>\n<p><img decoding=\"async\" src=\"https:\/\/skin.club\/community\/wp-content\/uploads\/2023\/05\/volt.png\" alt=\"volt\" class=\"player__photo\">\n<\/p><\/div>\n<\/div>\n<h2>O naszej wsp\u00f3\u0142pracy<\/h2>\n<p>Skin.Club ma silne zami\u0142owanie do esportu w Counter-Strike\u2019u i b\u0119dzie wspiera\u0107 m\u0142ode talenty z Into The Breach!<\/p>\n<p>Skin.Club b\u0119dzie tak\u017ce gospodarzem wydarzenia Skin.Club Major podczas Majora, z nowymi skrzynkami, nagrodami i projektami.<\/p>\n<p>Ogl\u0105daj Blast Paris Major 2023 i kibicuj Into The Breach razem ze Skin.Club!<\/p>\n","protected":false},"excerpt":{"rendered":"<p>Into The Breach by\u0142 czarnym koniem europejskich eliminacji RMR do turnieju BLAST Paris Major. To pierwszy raz, kiedy ten sk\u0142ad dochodzi do Majora i ju\u017c uda\u0142o im si\u0119 dotrze\u0107 do Legends Stage ostatniego Majora CS:GO. \u017byczymy temu sk\u0142adowi powodzenia na Paris Major! Wpe\u0142ni zas\u0142uguj\u0105 na swoje miejsce w\u015br\u00f3d najlepszych aktualnie dru\u017cyn na \u015bwiecie. GRACZE Juve [&hellip;]<\/p>\n","protected":false},"author":4,"featured_media":0,"parent":0,"menu_order":0,"comment_status":"closed","ping_status":"closed","template":"","meta":{"_acf_changed":false,"footnotes":""},"class_list":["post-9434","page","type-page","status-publish","hentry"],"acf":[],"yoast_head":"<!-- This site is optimized with the Yoast SEO plugin v27.4 - https:\/\/yoast.com\/product\/yoast-seo-wordpress\/ -->\n<title>Gracze zespo\u0142u Into The Breach | Skin.club<\/title>\n<meta name=\"description\" content=\"Into The Breach by\u0142 czarnym koniem europejskich eliminacji RMR do BLAST Paris Major. Sp\u00f3jrz na zdj\u0119cia tych celebryt\u00f3w!\" \/>\n<meta name=\"robots\" content=\"index, follow, max-snippet:-1, max-image-preview:large, max-video-preview:-1\" \/>\n<link rel=\"canonical\" href=\"https:\/\/community.skin.club\/pl\/into-the-breach\" \/>\n<meta property=\"og:locale\" content=\"pl_PL\" \/>\n<meta property=\"og:type\" content=\"article\" \/>\n<meta property=\"og:title\" content=\"Gracze zespo\u0142u Into The Breach | Skin.club\" \/>\n<meta property=\"og:description\" content=\"Into The Breach by\u0142 czarnym koniem europejskich eliminacji RMR do BLAST Paris Major. Sp\u00f3jrz na zdj\u0119cia tych celebryt\u00f3w!\" \/>\n<meta property=\"og:url\" content=\"https:\/\/community.skin.club\/pl\/into-the-breach\" \/>\n<meta property=\"og:site_name\" content=\"CS2 &amp; CS:GO Articles, News, Events | Skin.Club Community\" \/>\n<meta property=\"article:modified_time\" content=\"2023-06-15T12:33:44+00:00\" \/>\n<meta property=\"og:image\" content=\"https:\/\/community.skin.club\/wp-content\/uploads\/2023\/04\/02.jpg\" \/>\n\t<meta property=\"og:image:width\" content=\"1920\" \/>\n\t<meta property=\"og:image:height\" content=\"1080\" \/>\n\t<meta property=\"og:image:type\" content=\"image\/jpeg\" \/>\n<meta name=\"twitter:card\" content=\"summary_large_image\" \/>\n<meta name=\"twitter:label1\" content=\"Szacowany czas czytania\" \/>\n\t<meta name=\"twitter:data1\" content=\"1 minuta\" \/>\n<script type=\"application\/ld+json\" class=\"yoast-schema-graph\">{\"@context\":\"https:\\\/\\\/schema.org\",\"@graph\":[{\"@type\":\"WebPage\",\"@id\":\"https:\\\/\\\/community.skin.club\\\/pl\\\/into-the-breach\",\"url\":\"https:\\\/\\\/community.skin.club\\\/pl\\\/into-the-breach\",\"name\":\"Gracze zespo\u0142u Into The Breach | Skin.club\",\"isPartOf\":{\"@id\":\"https:\\\/\\\/community.skin.club\\\/pl#website\"},\"primaryImageOfPage\":{\"@id\":\"https:\\\/\\\/community.skin.club\\\/pl\\\/into-the-breach#primaryimage\"},\"image\":{\"@id\":\"https:\\\/\\\/community.skin.club\\\/pl\\\/into-the-breach#primaryimage\"},\"thumbnailUrl\":\"https:\\\/\\\/skin.club\\\/community\\\/wp-content\\\/uploads\\\/2023\\\/05\\\/SK-2-1.jpg\",\"datePublished\":\"2023-04-28T15:12:31+00:00\",\"dateModified\":\"2023-06-15T12:33:44+00:00\",\"description\":\"Into The Breach by\u0142 czarnym koniem europejskich eliminacji RMR do BLAST Paris Major. Sp\u00f3jrz na zdj\u0119cia tych celebryt\u00f3w!\",\"breadcrumb\":{\"@id\":\"https:\\\/\\\/community.skin.club\\\/pl\\\/into-the-breach#breadcrumb\"},\"inLanguage\":\"pl-PL\",\"potentialAction\":[{\"@type\":\"ReadAction\",\"target\":[\"https:\\\/\\\/community.skin.club\\\/pl\\\/into-the-breach\"]}]},{\"@type\":\"ImageObject\",\"inLanguage\":\"pl-PL\",\"@id\":\"https:\\\/\\\/community.skin.club\\\/pl\\\/into-the-breach#primaryimage\",\"url\":\"https:\\\/\\\/skin.club\\\/community\\\/wp-content\\\/uploads\\\/2023\\\/05\\\/SK-2-1.jpg\",\"contentUrl\":\"https:\\\/\\\/skin.club\\\/community\\\/wp-content\\\/uploads\\\/2023\\\/05\\\/SK-2-1.jpg\"},{\"@type\":\"BreadcrumbList\",\"@id\":\"https:\\\/\\\/community.skin.club\\\/pl\\\/into-the-breach#breadcrumb\",\"itemListElement\":[{\"@type\":\"ListItem\",\"position\":1,\"name\":\"Spo\u0142eczno\u015b\u0107\",\"item\":\"http:\\\/\\\/community.skin.club\\\/pl\\\/homepage\"},{\"@type\":\"ListItem\",\"position\":2,\"name\":\"Into The Breach\"}]},{\"@type\":\"WebSite\",\"@id\":\"https:\\\/\\\/community.skin.club\\\/pl#website\",\"url\":\"https:\\\/\\\/community.skin.club\\\/pl\",\"name\":\"CS:GO - Events, news, recommendations\",\"description\":\"CS2 &amp; CS:GO Articles, News, Events | Skin.Club Community\",\"publisher\":{\"@id\":\"https:\\\/\\\/community.skin.club\\\/pl#organization\"},\"alternateName\":\"CS:GO - news\",\"potentialAction\":[{\"@type\":\"SearchAction\",\"target\":{\"@type\":\"EntryPoint\",\"urlTemplate\":\"https:\\\/\\\/community.skin.club\\\/pl?s={search_term_string}\"},\"query-input\":{\"@type\":\"PropertyValueSpecification\",\"valueRequired\":true,\"valueName\":\"search_term_string\"}}],\"inLanguage\":\"pl-PL\"},{\"@type\":\"Organization\",\"@id\":\"https:\\\/\\\/community.skin.club\\\/pl#organization\",\"name\":\"SkinClub\",\"url\":\"https:\\\/\\\/community.skin.club\\\/pl\",\"logo\":{\"@type\":\"ImageObject\",\"inLanguage\":\"pl-PL\",\"@id\":\"https:\\\/\\\/community.skin.club\\\/pl#\\\/schema\\\/logo\\\/image\\\/\",\"url\":\"https:\\\/\\\/community.skin.club\\\/wp-content\\\/uploads\\\/2022\\\/07\\\/logo-1-1.png\",\"contentUrl\":\"https:\\\/\\\/community.skin.club\\\/wp-content\\\/uploads\\\/2022\\\/07\\\/logo-1-1.png\",\"width\":512,\"height\":490,\"caption\":\"SkinClub\"},\"image\":{\"@id\":\"https:\\\/\\\/community.skin.club\\\/pl#\\\/schema\\\/logo\\\/image\\\/\"}}]}<\/script>\n<!-- \/ Yoast SEO plugin. -->","yoast_head_json":{"title":"Gracze zespo\u0142u Into The Breach | Skin.club","description":"Into The Breach by\u0142 czarnym koniem europejskich eliminacji RMR do BLAST Paris Major. Sp\u00f3jrz na zdj\u0119cia tych celebryt\u00f3w!","robots":{"index":"index","follow":"follow","max-snippet":"max-snippet:-1","max-image-preview":"max-image-preview:large","max-video-preview":"max-video-preview:-1"},"canonical":"https:\/\/community.skin.club\/pl\/into-the-breach","og_locale":"pl_PL","og_type":"article","og_title":"Gracze zespo\u0142u Into The Breach | Skin.club","og_description":"Into The Breach by\u0142 czarnym koniem europejskich eliminacji RMR do BLAST Paris Major. Sp\u00f3jrz na zdj\u0119cia tych celebryt\u00f3w!","og_url":"https:\/\/community.skin.club\/pl\/into-the-breach","og_site_name":"CS2 &amp; CS:GO Articles, News, Events | Skin.Club Community","article_modified_time":"2023-06-15T12:33:44+00:00","og_image":[{"width":1920,"height":1080,"url":"https:\/\/community.skin.club\/wp-content\/uploads\/2023\/04\/02.jpg","type":"image\/jpeg"}],"twitter_card":"summary_large_image","twitter_misc":{"Szacowany czas czytania":"1 minuta"},"schema":{"@context":"https:\/\/schema.org","@graph":[{"@type":"WebPage","@id":"https:\/\/community.skin.club\/pl\/into-the-breach","url":"https:\/\/community.skin.club\/pl\/into-the-breach","name":"Gracze zespo\u0142u Into The Breach | Skin.club","isPartOf":{"@id":"https:\/\/community.skin.club\/pl#website"},"primaryImageOfPage":{"@id":"https:\/\/community.skin.club\/pl\/into-the-breach#primaryimage"},"image":{"@id":"https:\/\/community.skin.club\/pl\/into-the-breach#primaryimage"},"thumbnailUrl":"https:\/\/skin.club\/community\/wp-content\/uploads\/2023\/05\/SK-2-1.jpg","datePublished":"2023-04-28T15:12:31+00:00","dateModified":"2023-06-15T12:33:44+00:00","description":"Into The Breach by\u0142 czarnym koniem europejskich eliminacji RMR do BLAST Paris Major. Sp\u00f3jrz na zdj\u0119cia tych celebryt\u00f3w!","breadcrumb":{"@id":"https:\/\/community.skin.club\/pl\/into-the-breach#breadcrumb"},"inLanguage":"pl-PL","potentialAction":[{"@type":"ReadAction","target":["https:\/\/community.skin.club\/pl\/into-the-breach"]}]},{"@type":"ImageObject","inLanguage":"pl-PL","@id":"https:\/\/community.skin.club\/pl\/into-the-breach#primaryimage","url":"https:\/\/skin.club\/community\/wp-content\/uploads\/2023\/05\/SK-2-1.jpg","contentUrl":"https:\/\/skin.club\/community\/wp-content\/uploads\/2023\/05\/SK-2-1.jpg"},{"@type":"BreadcrumbList","@id":"https:\/\/community.skin.club\/pl\/into-the-breach#breadcrumb","itemListElement":[{"@type":"ListItem","position":1,"name":"Spo\u0142eczno\u015b\u0107","item":"http:\/\/community.skin.club\/pl\/homepage"},{"@type":"ListItem","position":2,"name":"Into The Breach"}]},{"@type":"WebSite","@id":"https:\/\/community.skin.club\/pl#website","url":"https:\/\/community.skin.club\/pl","name":"CS:GO - Events, news, recommendations","description":"CS2 &amp; CS:GO Articles, News, Events | Skin.Club Community","publisher":{"@id":"https:\/\/community.skin.club\/pl#organization"},"alternateName":"CS:GO - news","potentialAction":[{"@type":"SearchAction","target":{"@type":"EntryPoint","urlTemplate":"https:\/\/community.skin.club\/pl?s={search_term_string}"},"query-input":{"@type":"PropertyValueSpecification","valueRequired":true,"valueName":"search_term_string"}}],"inLanguage":"pl-PL"},{"@type":"Organization","@id":"https:\/\/community.skin.club\/pl#organization","name":"SkinClub","url":"https:\/\/community.skin.club\/pl","logo":{"@type":"ImageObject","inLanguage":"pl-PL","@id":"https:\/\/community.skin.club\/pl#\/schema\/logo\/image\/","url":"https:\/\/community.skin.club\/wp-content\/uploads\/2022\/07\/logo-1-1.png","contentUrl":"https:\/\/community.skin.club\/wp-content\/uploads\/2022\/07\/logo-1-1.png","width":512,"height":490,"caption":"SkinClub"},"image":{"@id":"https:\/\/community.skin.club\/pl#\/schema\/logo\/image\/"}}]}},"_links":{"self":[{"href":"https:\/\/community.skin.club\/pl\/wp-json\/wp\/v2\/pages\/9434","targetHints":{"allow":["GET"]}}],"collection":[{"href":"https:\/\/community.skin.club\/pl\/wp-json\/wp\/v2\/pages"}],"about":[{"href":"https:\/\/community.skin.club\/pl\/wp-json\/wp\/v2\/types\/page"}],"author":[{"embeddable":true,"href":"https:\/\/community.skin.club\/pl\/wp-json\/wp\/v2\/users\/4"}],"replies":[{"embeddable":true,"href":"https:\/\/community.skin.club\/pl\/wp-json\/wp\/v2\/comments?post=9434"}],"version-history":[{"count":2,"href":"https:\/\/community.skin.club\/pl\/wp-json\/wp\/v2\/pages\/9434\/revisions"}],"predecessor-version":[{"id":10149,"href":"https:\/\/community.skin.club\/pl\/wp-json\/wp\/v2\/pages\/9434\/revisions\/10149"}],"wp:attachment":[{"href":"https:\/\/community.skin.club\/pl\/wp-json\/wp\/v2\/media?parent=9434"}],"curies":[{"name":"wp","href":"https:\/\/api.w.org\/{rel}","templated":true}]}}