{"id":237721,"date":"2022-06-28T10:08:43","date_gmt":"2022-06-28T10:08:43","guid":{"rendered":"https:\/\/community.skin.club\/?page_id=237721"},"modified":"2025-08-27T06:25:40","modified_gmt":"2025-08-27T06:25:40","slug":"support","status":"publish","type":"page","link":"https:\/\/community.skin.club\/ro\/support","title":{"rendered":"Suport"},"content":{"rendered":"<h2><strong>Cum po\u021bi contacta suportul?<\/strong><\/h2>\n<div class=\"mark\">\u00cen comunitatea noastr\u0103 avem un serviciu de asisten\u021b\u0103 pentru clien\u021bi foarte util. Este bine cunoscut \u00een lumea digital\u0103. Departamentul nostru de Asisten\u021b\u0103 func\u021bioneaz\u0103 non-stop, 24\/7, \u00een fiecare zi. Este esen\u021bial s\u0103 \u00ee\u021bi oferim r\u0103spunsuri rapide la \u00eentreb\u0103rile tale.<\/div>\n<p>Dac\u0103 vrei s\u0103 \u00eel folose\u0219ti, te rug\u0103m s\u0103 respec\u021bi c\u00e2teva sfaturi simple, care vor cre\u0219te eficien\u021ba acestui serviciu:<\/p>\n<ul class=\"article-list-pink\">\n<li style=\"font-weight: 400;\" aria-level=\"1\" class=\"article-list-pink__item\"><b>Important.<\/b><span style=\"font-weight: 400;\"> Cu c\u00e2t ne oferi mai multe informa\u021bii utile, cu at\u00e2t ne va fi mai u\u0219or s\u0103 \u00ee\u021bi rezolv\u0103m problema.<\/span><\/li>\n<li style=\"font-weight: 400;\" aria-level=\"1\" class=\"article-list-pink__item\"><b>Niciodat\u0103.<\/b><span style=\"font-weight: 400;\"> Te rug\u0103m s\u0103 nu \u00ee\u021bi dublezi cererile. Dac\u0103 nu \u021bi-am r\u0103spuns imediat, te rug\u0103m s\u0103 a\u0219tep\u021bi. Nu ne scrie din nou cu aceea\u0219i \u00eentrebare. A\u0219teapt\u0103 r\u0103spunsul.<\/span><\/li>\n<li style=\"font-weight: 400;\" aria-level=\"1\" class=\"article-list-pink__item\"><b>Aminte\u0219te-\u021bi.<\/b><span style=\"font-weight: 400;\"> Avem <\/span><a href=\"https:\/\/skin.club\/ro\/tos\">termeni de utilizare<\/a><span style=\"font-weight: 400;\"> ai serviciului nostru \u0219i, dac\u0103 \u00eei \u00eencalci, din p\u0103cate nu te putem ajuta.<\/span><\/li>\n<\/ul>\n<h3><strong>Ai dou\u0103 modalit\u0103\u021bi prin care po\u021bi contacta suportul nostru:<\/strong><\/h3>\n<ol>\n<li style=\"font-weight: 400;\" aria-level=\"1\"><span style=\"font-weight: 400;\">Deschide serviciul t\u0103u de e-mail \u0219i scrie-ne la <a href=\"mailto:help@skin.club\">help@skin.club<\/a>.<\/span><\/li>\n<li style=\"font-weight: 400;\" aria-level=\"1\"><span style=\"font-weight: 400;\">Intr\u0103 pe <\/span>SKIN.CLUB<span style=\"font-weight: 400;\"> \u0219i autentific\u0103-te cu contul t\u0103u Steam. Dup\u0103 aceea, \u00een partea dreapt\u0103 a site-ului nostru vei vedea un formular special de contact \u2013 acesta este Formularul de Suport.<\/span><\/li>\n<\/ol>\n<p><img loading=\"lazy\" decoding=\"async\" class=\"alignnone wp-image-89158\" src=\"https:\/\/skin.club\/community\/wp-content\/uploads\/2024\/09\/Event-BLAST-Premier-2024-1024x576.webp\" alt=\"\" width=\"1065\" height=\"599\" srcset=\"https:\/\/community.skin.club\/wp-content\/uploads\/2024\/09\/Event-BLAST-Premier-2024-1024x576.webp 1024w, https:\/\/community.skin.club\/wp-content\/uploads\/2024\/09\/Event-BLAST-Premier-2024-300x169.webp 300w, https:\/\/community.skin.club\/wp-content\/uploads\/2024\/09\/Event-BLAST-Premier-2024-768x432.webp 768w, https:\/\/community.skin.club\/wp-content\/uploads\/2024\/09\/Event-BLAST-Premier-2024-1536x864.webp 1536w, https:\/\/community.skin.club\/wp-content\/uploads\/2024\/09\/Event-BLAST-Premier-2024-2048x1152.webp 2048w\" sizes=\"(max-width: 1065px) 100vw, 1065px\" \/><\/p>\n<h2><strong>Informa\u021bii importante<\/strong><\/h2>\n<p><span style=\"font-weight: 400;\">Po\u021bi contacta suportul nostru doar prin Formularul de Suport de pe site-ul SKIN.CLUB sau prin e-mail la <\/span><a href=\"mailto:help@skin.club\">help@skin.club<\/a><span style=\"font-weight: 400;\">. Nu folosi niciodat\u0103: Steam, Discord, Facebook etc. mesaje private. Doar Formularul nostru de Suport este potrivit \u0219i de \u00eencredere.<\/span><\/p>\n<p><span style=\"font-weight: 400;\">Un num\u0103r foarte mare de persoane trimit mesaje private colaboratorilor, creatorilor de con\u021binut sau altor voluntari pentru probleme de suport. Nu face asta, te rug\u0103m. Voluntarii SkinClub nu sunt angaja\u021bii no\u0219tri. Ei nu te pot ajuta cu tichetele de suport sau cu rapoartele.<\/span><\/p>\n","protected":false},"excerpt":{"rendered":"<p>Cum po\u021bi contacta suportul? Dac\u0103 vrei s\u0103 \u00eel folose\u0219ti, te rug\u0103m s\u0103 respec\u021bi c\u00e2teva sfaturi simple, care vor cre\u0219te eficien\u021ba acestui serviciu: Important. Cu c\u00e2t ne oferi mai multe informa\u021bii utile, cu at\u00e2t ne va fi mai u\u0219or s\u0103 \u00ee\u021bi rezolv\u0103m problema. Niciodat\u0103. Te rug\u0103m s\u0103 nu \u00ee\u021bi dublezi cererile. Dac\u0103 nu \u021bi-am r\u0103spuns imediat, [&hellip;]<\/p>\n","protected":false},"author":14,"featured_media":237723,"parent":0,"menu_order":0,"comment_status":"closed","ping_status":"closed","template":"","meta":{"_acf_changed":false,"footnotes":""},"class_list":["post-237721","page","type-page","status-publish","has-post-thumbnail","hentry"],"acf":[],"yoast_head":"<!-- This site is optimized with the Yoast SEO plugin v27.4 - https:\/\/yoast.com\/product\/yoast-seo-wordpress\/ -->\n<title>Suport<\/title>\n<meta name=\"robots\" content=\"index, follow, max-snippet:-1, max-image-preview:large, max-video-preview:-1\" \/>\n<link rel=\"canonical\" href=\"https:\/\/community.skin.club\/ro\/support\" \/>\n<meta property=\"og:locale\" content=\"ro_RO\" \/>\n<meta property=\"og:type\" content=\"article\" \/>\n<meta property=\"og:title\" content=\"Suport\" \/>\n<meta property=\"og:description\" content=\"Cum po\u021bi contacta suportul? Dac\u0103 vrei s\u0103 \u00eel folose\u0219ti, te rug\u0103m s\u0103 respec\u021bi c\u00e2teva sfaturi simple, care vor cre\u0219te eficien\u021ba acestui serviciu: Important. Cu c\u00e2t ne oferi mai multe informa\u021bii utile, cu at\u00e2t ne va fi mai u\u0219or s\u0103 \u00ee\u021bi rezolv\u0103m problema. Niciodat\u0103. Te rug\u0103m s\u0103 nu \u00ee\u021bi dublezi cererile. Dac\u0103 nu \u021bi-am r\u0103spuns imediat, [&hellip;]\" \/>\n<meta property=\"og:url\" content=\"https:\/\/community.skin.club\/ro\/support\" \/>\n<meta property=\"og:site_name\" content=\"CS2 &amp; CS:GO Articles, News, Events | Skin.Club Community\" \/>\n<meta property=\"article:modified_time\" content=\"2025-08-27T06:25:40+00:00\" \/>\n<meta property=\"og:image\" content=\"http:\/\/community.skin.club\/wp-content\/uploads\/2025\/05\/BANNER-020.webp\" \/>\n\t<meta property=\"og:image:width\" content=\"1920\" \/>\n\t<meta property=\"og:image:height\" content=\"1080\" \/>\n\t<meta property=\"og:image:type\" content=\"image\/webp\" \/>\n<meta name=\"twitter:card\" content=\"summary_large_image\" \/>\n<meta name=\"twitter:label1\" content=\"Timp estimat pentru citire\" \/>\n\t<meta name=\"twitter:data1\" content=\"2 minute\" \/>\n<script type=\"application\/ld+json\" class=\"yoast-schema-graph\">{\"@context\":\"https:\\\/\\\/schema.org\",\"@graph\":[{\"@type\":\"WebPage\",\"@id\":\"https:\\\/\\\/community.skin.club\\\/ro\\\/support\",\"url\":\"https:\\\/\\\/community.skin.club\\\/ro\\\/support\",\"name\":\"Suport\",\"isPartOf\":{\"@id\":\"https:\\\/\\\/community.skin.club\\\/ro#website\"},\"primaryImageOfPage\":{\"@id\":\"https:\\\/\\\/community.skin.club\\\/ro\\\/support#primaryimage\"},\"image\":{\"@id\":\"https:\\\/\\\/community.skin.club\\\/ro\\\/support#primaryimage\"},\"thumbnailUrl\":\"https:\\\/\\\/community.skin.club\\\/wp-content\\\/uploads\\\/2025\\\/05\\\/BANNER-020.webp\",\"datePublished\":\"2022-06-28T10:08:43+00:00\",\"dateModified\":\"2025-08-27T06:25:40+00:00\",\"breadcrumb\":{\"@id\":\"https:\\\/\\\/community.skin.club\\\/ro\\\/support#breadcrumb\"},\"inLanguage\":\"ro-RO\",\"potentialAction\":[{\"@type\":\"ReadAction\",\"target\":[\"https:\\\/\\\/community.skin.club\\\/ro\\\/support\"]}]},{\"@type\":\"ImageObject\",\"inLanguage\":\"ro-RO\",\"@id\":\"https:\\\/\\\/community.skin.club\\\/ro\\\/support#primaryimage\",\"url\":\"https:\\\/\\\/community.skin.club\\\/wp-content\\\/uploads\\\/2025\\\/05\\\/BANNER-020.webp\",\"contentUrl\":\"https:\\\/\\\/community.skin.club\\\/wp-content\\\/uploads\\\/2025\\\/05\\\/BANNER-020.webp\",\"width\":1920,\"height\":1080,\"caption\":\"Support\"},{\"@type\":\"BreadcrumbList\",\"@id\":\"https:\\\/\\\/community.skin.club\\\/ro\\\/support#breadcrumb\",\"itemListElement\":[{\"@type\":\"ListItem\",\"position\":1,\"name\":\"Comunitate\",\"item\":\"http:\\\/\\\/community.skin.club\\\/ro\\\/homepage\"},{\"@type\":\"ListItem\",\"position\":2,\"name\":\"Suport\"}]},{\"@type\":\"WebSite\",\"@id\":\"https:\\\/\\\/community.skin.club\\\/ro#website\",\"url\":\"https:\\\/\\\/community.skin.club\\\/ro\",\"name\":\"CS:GO - Events, news, recommendations\",\"description\":\"CS2 &amp; CS:GO Articles, News, Events | Skin.Club Community\",\"publisher\":{\"@id\":\"https:\\\/\\\/community.skin.club\\\/ro#organization\"},\"alternateName\":\"CS:GO - news\",\"potentialAction\":[{\"@type\":\"SearchAction\",\"target\":{\"@type\":\"EntryPoint\",\"urlTemplate\":\"https:\\\/\\\/community.skin.club\\\/ro?s={search_term_string}\"},\"query-input\":{\"@type\":\"PropertyValueSpecification\",\"valueRequired\":true,\"valueName\":\"search_term_string\"}}],\"inLanguage\":\"ro-RO\"},{\"@type\":\"Organization\",\"@id\":\"https:\\\/\\\/community.skin.club\\\/ro#organization\",\"name\":\"SkinClub\",\"url\":\"https:\\\/\\\/community.skin.club\\\/ro\",\"logo\":{\"@type\":\"ImageObject\",\"inLanguage\":\"ro-RO\",\"@id\":\"https:\\\/\\\/community.skin.club\\\/ro#\\\/schema\\\/logo\\\/image\\\/\",\"url\":\"https:\\\/\\\/community.skin.club\\\/wp-content\\\/uploads\\\/2022\\\/07\\\/logo-1-1.png\",\"contentUrl\":\"https:\\\/\\\/community.skin.club\\\/wp-content\\\/uploads\\\/2022\\\/07\\\/logo-1-1.png\",\"width\":512,\"height\":490,\"caption\":\"SkinClub\"},\"image\":{\"@id\":\"https:\\\/\\\/community.skin.club\\\/ro#\\\/schema\\\/logo\\\/image\\\/\"}}]}<\/script>\n<!-- \/ Yoast SEO plugin. -->","yoast_head_json":{"title":"Suport","robots":{"index":"index","follow":"follow","max-snippet":"max-snippet:-1","max-image-preview":"max-image-preview:large","max-video-preview":"max-video-preview:-1"},"canonical":"https:\/\/community.skin.club\/ro\/support","og_locale":"ro_RO","og_type":"article","og_title":"Suport","og_description":"Cum po\u021bi contacta suportul? Dac\u0103 vrei s\u0103 \u00eel folose\u0219ti, te rug\u0103m s\u0103 respec\u021bi c\u00e2teva sfaturi simple, care vor cre\u0219te eficien\u021ba acestui serviciu: Important. Cu c\u00e2t ne oferi mai multe informa\u021bii utile, cu at\u00e2t ne va fi mai u\u0219or s\u0103 \u00ee\u021bi rezolv\u0103m problema. Niciodat\u0103. Te rug\u0103m s\u0103 nu \u00ee\u021bi dublezi cererile. Dac\u0103 nu \u021bi-am r\u0103spuns imediat, [&hellip;]","og_url":"https:\/\/community.skin.club\/ro\/support","og_site_name":"CS2 &amp; CS:GO Articles, News, Events | Skin.Club Community","article_modified_time":"2025-08-27T06:25:40+00:00","og_image":[{"width":1920,"height":1080,"url":"http:\/\/community.skin.club\/wp-content\/uploads\/2025\/05\/BANNER-020.webp","type":"image\/webp"}],"twitter_card":"summary_large_image","twitter_misc":{"Timp estimat pentru citire":"2 minute"},"schema":{"@context":"https:\/\/schema.org","@graph":[{"@type":"WebPage","@id":"https:\/\/community.skin.club\/ro\/support","url":"https:\/\/community.skin.club\/ro\/support","name":"Suport","isPartOf":{"@id":"https:\/\/community.skin.club\/ro#website"},"primaryImageOfPage":{"@id":"https:\/\/community.skin.club\/ro\/support#primaryimage"},"image":{"@id":"https:\/\/community.skin.club\/ro\/support#primaryimage"},"thumbnailUrl":"https:\/\/community.skin.club\/wp-content\/uploads\/2025\/05\/BANNER-020.webp","datePublished":"2022-06-28T10:08:43+00:00","dateModified":"2025-08-27T06:25:40+00:00","breadcrumb":{"@id":"https:\/\/community.skin.club\/ro\/support#breadcrumb"},"inLanguage":"ro-RO","potentialAction":[{"@type":"ReadAction","target":["https:\/\/community.skin.club\/ro\/support"]}]},{"@type":"ImageObject","inLanguage":"ro-RO","@id":"https:\/\/community.skin.club\/ro\/support#primaryimage","url":"https:\/\/community.skin.club\/wp-content\/uploads\/2025\/05\/BANNER-020.webp","contentUrl":"https:\/\/community.skin.club\/wp-content\/uploads\/2025\/05\/BANNER-020.webp","width":1920,"height":1080,"caption":"Support"},{"@type":"BreadcrumbList","@id":"https:\/\/community.skin.club\/ro\/support#breadcrumb","itemListElement":[{"@type":"ListItem","position":1,"name":"Comunitate","item":"http:\/\/community.skin.club\/ro\/homepage"},{"@type":"ListItem","position":2,"name":"Suport"}]},{"@type":"WebSite","@id":"https:\/\/community.skin.club\/ro#website","url":"https:\/\/community.skin.club\/ro","name":"CS:GO - Events, news, recommendations","description":"CS2 &amp; CS:GO Articles, News, Events | Skin.Club Community","publisher":{"@id":"https:\/\/community.skin.club\/ro#organization"},"alternateName":"CS:GO - news","potentialAction":[{"@type":"SearchAction","target":{"@type":"EntryPoint","urlTemplate":"https:\/\/community.skin.club\/ro?s={search_term_string}"},"query-input":{"@type":"PropertyValueSpecification","valueRequired":true,"valueName":"search_term_string"}}],"inLanguage":"ro-RO"},{"@type":"Organization","@id":"https:\/\/community.skin.club\/ro#organization","name":"SkinClub","url":"https:\/\/community.skin.club\/ro","logo":{"@type":"ImageObject","inLanguage":"ro-RO","@id":"https:\/\/community.skin.club\/ro#\/schema\/logo\/image\/","url":"https:\/\/community.skin.club\/wp-content\/uploads\/2022\/07\/logo-1-1.png","contentUrl":"https:\/\/community.skin.club\/wp-content\/uploads\/2022\/07\/logo-1-1.png","width":512,"height":490,"caption":"SkinClub"},"image":{"@id":"https:\/\/community.skin.club\/ro#\/schema\/logo\/image\/"}}]}},"_links":{"self":[{"href":"https:\/\/community.skin.club\/ro\/wp-json\/wp\/v2\/pages\/237721","targetHints":{"allow":["GET"]}}],"collection":[{"href":"https:\/\/community.skin.club\/ro\/wp-json\/wp\/v2\/pages"}],"about":[{"href":"https:\/\/community.skin.club\/ro\/wp-json\/wp\/v2\/types\/page"}],"author":[{"embeddable":true,"href":"https:\/\/community.skin.club\/ro\/wp-json\/wp\/v2\/users\/14"}],"replies":[{"embeddable":true,"href":"https:\/\/community.skin.club\/ro\/wp-json\/wp\/v2\/comments?post=237721"}],"version-history":[{"count":3,"href":"https:\/\/community.skin.club\/ro\/wp-json\/wp\/v2\/pages\/237721\/revisions"}],"predecessor-version":[{"id":237728,"href":"https:\/\/community.skin.club\/ro\/wp-json\/wp\/v2\/pages\/237721\/revisions\/237728"}],"wp:featuredmedia":[{"embeddable":true,"href":"https:\/\/community.skin.club\/ro\/wp-json\/wp\/v2\/media\/237723"}],"wp:attachment":[{"href":"https:\/\/community.skin.club\/ro\/wp-json\/wp\/v2\/media?parent=237721"}],"curies":[{"name":"wp","href":"https:\/\/api.w.org\/{rel}","templated":true}]}}