{"id":9439,"date":"2023-04-28T15:12:31","date_gmt":"2023-04-28T15:12:31","guid":{"rendered":"https:\/\/skin.club\/community\/into-the-breach\/"},"modified":"2023-06-15T12:35:17","modified_gmt":"2023-06-15T12:35:17","slug":"into-the-breach","status":"publish","type":"page","link":"https:\/\/community.skin.club\/tr\/into-the-breach","title":{"rendered":"Into The Breach"},"content":{"rendered":"<p><img loading=\"lazy\" decoding=\"async\" src=\"https:\/\/skin.club\/community\/wp-content\/uploads\/2023\/05\/SK-2-1.jpg\" alt=\"Photo\" width=\"1920\" height=\"1080\" class=\"alignnone size-full wp-image-7957\"><\/p>\n<p>Into The Breach, BLAST Paris Major Avrupa RMR Elemeleri\u2019nde beklenmeyen bir ba\u015far\u0131 elde etti.<\/p>\n<p>Bu kadronun majore ilk kez gelmesi ve zaten son CS:GO Major\u2019\u0131n Legends A\u015famas\u0131na ula\u015fm\u0131\u015f olmalar\u0131.<\/p>\n<p>Bu kadroya Paris Major\u2019da \u015fans diliyoruz! \u015eu anda d\u00fcnyan\u0131n en iyi tak\u0131mlar\u0131 aras\u0131nda yer almay\u0131 tamamen hak ediyorlar.<\/p>\n<h2>OYUNCULAR<\/h2>\n<div class=\"players\">\n<div class=\"player\">\n<img decoding=\"async\" src=\"https:\/\/skin.club\/community\/wp-content\/uploads\/2023\/04\/e3398fc7-1c7e-4ece-bdcc-8312cfe6e14f.webp\" alt=\"Tak\u0131m\" class=\"player__logo\">\n<p class=\"player__name\">Juve<\/p>\n<p class=\"player__prof\">coach<\/p>\n<p><img decoding=\"async\" src=\"https:\/\/skin.club\/community\/wp-content\/uploads\/2023\/05\/Juve.png\" alt=\"Juve\" class=\"player__photo\">\n<\/p><\/div>\n<div class=\"player\">\n<img decoding=\"async\" src=\"https:\/\/skin.club\/community\/wp-content\/uploads\/2023\/04\/e3398fc7-1c7e-4ece-bdcc-8312cfe6e14f.webp\" alt=\"Tak\u0131m\" class=\"player__logo\">\n<p class=\"player__name\">CRUC1AL<\/p>\n<p class=\"player__prof\">oyuncu<\/p>\n<p><img decoding=\"async\" src=\"https:\/\/skin.club\/community\/wp-content\/uploads\/2023\/05\/CRUC1AL.png\" alt=\"CRUC1AL\" class=\"player__photo\">\n<\/p><\/div>\n<div class=\"player\">\n<img decoding=\"async\" src=\"https:\/\/skin.club\/community\/wp-content\/uploads\/2023\/04\/e3398fc7-1c7e-4ece-bdcc-8312cfe6e14f.webp\" alt=\"Tak\u0131m\" class=\"player__logo\">\n<p class=\"player__name\">CYPHER<\/p>\n<p class=\"player__prof\">oyuncu<\/p>\n<p><img decoding=\"async\" src=\"https:\/\/skin.club\/community\/wp-content\/uploads\/2023\/05\/CYPHER.png\" alt=\"CYPHER\" class=\"player__photo\">\n<\/p><\/div>\n<div class=\"player\">\n<img decoding=\"async\" src=\"https:\/\/skin.club\/community\/wp-content\/uploads\/2023\/04\/e3398fc7-1c7e-4ece-bdcc-8312cfe6e14f.webp\" alt=\"Tak\u0131m\" class=\"player__logo\">\n<p class=\"player__name\">rallen<\/p>\n<p class=\"player__prof\">oyuncu<\/p>\n<p><img decoding=\"async\" src=\"https:\/\/skin.club\/community\/wp-content\/uploads\/2023\/05\/rallen.png\" alt=\"rallen\" class=\"player__photo\">\n<\/p><\/div>\n<div class=\"player\">\n<img decoding=\"async\" src=\"https:\/\/skin.club\/community\/wp-content\/uploads\/2023\/04\/e3398fc7-1c7e-4ece-bdcc-8312cfe6e14f.webp\" alt=\"Tak\u0131m\" class=\"player__logo\">\n<p class=\"player__name\">Thomas<\/p>\n<p class=\"player__prof\">oyuncu<\/p>\n<p><img decoding=\"async\" src=\"https:\/\/skin.club\/community\/wp-content\/uploads\/2023\/05\/Thomas.png\" alt=\"Thomas\" class=\"player__photo\">\n<\/p><\/div>\n<div class=\"player\">\n<img decoding=\"async\" src=\"https:\/\/skin.club\/community\/wp-content\/uploads\/2023\/04\/e3398fc7-1c7e-4ece-bdcc-8312cfe6e14f.webp\" alt=\"Tak\u0131m\" class=\"player__logo\">\n<p class=\"player__name\">volt<\/p>\n<p class=\"player__prof\">oyuncu<\/p>\n<p><img decoding=\"async\" src=\"https:\/\/skin.club\/community\/wp-content\/uploads\/2023\/05\/volt.png\" alt=\"volt\" class=\"player__photo\">\n<\/p><\/div>\n<\/div>\n<h2>\u0130\u015f ortakl\u0131\u011f\u0131m\u0131z hakk\u0131nda<\/h2>\n<p>Skin.Club olarak, Counter-Strike\u2019\u0131n espor alan\u0131na b\u00fcy\u00fck bir tutkusu vard\u0131r ve Into The Breach\u2019in gen\u00e7 yeteneklerini destekleyecektir!<\/p>\n<p>Skin.Club, yeni kasa, hediyeler ve tasar\u0131mlar i\u00e7eren Skin.Club Major etkinli\u011fine ev sahipli\u011fi yapacak.<\/p>\n<p>Blast Paris Major 2023\u2019\u00fc izleyin ve Skin.Club ile Into The Breach\u2019e destek olun!<\/p>\n","protected":false},"excerpt":{"rendered":"<p>Into The Breach, BLAST Paris Major Avrupa RMR Elemeleri\u2019nde beklenmeyen bir ba\u015far\u0131 elde etti. Bu kadronun majore ilk kez gelmesi ve zaten son CS:GO Major\u2019\u0131n Legends A\u015famas\u0131na ula\u015fm\u0131\u015f olmalar\u0131. Bu kadroya Paris Major\u2019da \u015fans diliyoruz! \u015eu anda d\u00fcnyan\u0131n en iyi tak\u0131mlar\u0131 aras\u0131nda yer almay\u0131 tamamen hak ediyorlar. OYUNCULAR Juve coach CRUC1AL oyuncu CYPHER oyuncu rallen [&hellip;]<\/p>\n","protected":false},"author":4,"featured_media":0,"parent":0,"menu_order":0,"comment_status":"closed","ping_status":"closed","template":"","meta":{"_acf_changed":false,"footnotes":""},"class_list":["post-9439","page","type-page","status-publish","hentry"],"acf":[],"yoast_head":"<!-- This site is optimized with the Yoast SEO plugin v27.4 - https:\/\/yoast.com\/product\/yoast-seo-wordpress\/ -->\n<title>Into The Breach tak\u0131m oyuncular\u0131 | Skin.club<\/title>\n<meta name=\"description\" content=\"Into The Breach, BLAST Paris Major i\u00e7in Avrupa RMR Elemelerinde beklenmedik bir performans sergiledi. Bu \u00fcnl\u00fclerin foto\u011fraflar\u0131na bir g\u00f6z at\u0131n!\" \/>\n<meta name=\"robots\" content=\"index, follow, max-snippet:-1, max-image-preview:large, max-video-preview:-1\" \/>\n<link rel=\"canonical\" href=\"https:\/\/community.skin.club\/tr\/into-the-breach\" \/>\n<meta property=\"og:locale\" content=\"tr_TR\" \/>\n<meta property=\"og:type\" content=\"article\" \/>\n<meta property=\"og:title\" content=\"Into The Breach tak\u0131m oyuncular\u0131 | Skin.club\" \/>\n<meta property=\"og:description\" content=\"Into The Breach, BLAST Paris Major i\u00e7in Avrupa RMR Elemelerinde beklenmedik bir performans sergiledi. Bu \u00fcnl\u00fclerin foto\u011fraflar\u0131na bir g\u00f6z at\u0131n!\" \/>\n<meta property=\"og:url\" content=\"https:\/\/community.skin.club\/tr\/into-the-breach\" \/>\n<meta property=\"og:site_name\" content=\"CS2 &amp; CS:GO Articles, News, Events | Skin.Club Community\" \/>\n<meta property=\"article:modified_time\" content=\"2023-06-15T12:35:17+00:00\" \/>\n<meta property=\"og:image\" content=\"https:\/\/community.skin.club\/wp-content\/uploads\/2023\/04\/02.jpg\" \/>\n\t<meta property=\"og:image:width\" content=\"1920\" \/>\n\t<meta property=\"og:image:height\" content=\"1080\" \/>\n\t<meta property=\"og:image:type\" content=\"image\/jpeg\" \/>\n<meta name=\"twitter:card\" content=\"summary_large_image\" \/>\n<meta name=\"twitter:label1\" content=\"Tahmini okuma s\u00fcresi\" \/>\n\t<meta name=\"twitter:data1\" content=\"1 dakika\" \/>\n<script type=\"application\/ld+json\" class=\"yoast-schema-graph\">{\"@context\":\"https:\\\/\\\/schema.org\",\"@graph\":[{\"@type\":\"WebPage\",\"@id\":\"https:\\\/\\\/community.skin.club\\\/tr\\\/into-the-breach\",\"url\":\"https:\\\/\\\/community.skin.club\\\/tr\\\/into-the-breach\",\"name\":\"Into The Breach tak\u0131m oyuncular\u0131 | Skin.club\",\"isPartOf\":{\"@id\":\"https:\\\/\\\/community.skin.club\\\/tr#website\"},\"primaryImageOfPage\":{\"@id\":\"https:\\\/\\\/community.skin.club\\\/tr\\\/into-the-breach#primaryimage\"},\"image\":{\"@id\":\"https:\\\/\\\/community.skin.club\\\/tr\\\/into-the-breach#primaryimage\"},\"thumbnailUrl\":\"https:\\\/\\\/skin.club\\\/community\\\/wp-content\\\/uploads\\\/2023\\\/05\\\/SK-2-1.jpg\",\"datePublished\":\"2023-04-28T15:12:31+00:00\",\"dateModified\":\"2023-06-15T12:35:17+00:00\",\"description\":\"Into The Breach, BLAST Paris Major i\u00e7in Avrupa RMR Elemelerinde beklenmedik bir performans sergiledi. Bu \u00fcnl\u00fclerin foto\u011fraflar\u0131na bir g\u00f6z at\u0131n!\",\"breadcrumb\":{\"@id\":\"https:\\\/\\\/community.skin.club\\\/tr\\\/into-the-breach#breadcrumb\"},\"inLanguage\":\"tr\",\"potentialAction\":[{\"@type\":\"ReadAction\",\"target\":[\"https:\\\/\\\/community.skin.club\\\/tr\\\/into-the-breach\"]}]},{\"@type\":\"ImageObject\",\"inLanguage\":\"tr\",\"@id\":\"https:\\\/\\\/community.skin.club\\\/tr\\\/into-the-breach#primaryimage\",\"url\":\"https:\\\/\\\/skin.club\\\/community\\\/wp-content\\\/uploads\\\/2023\\\/05\\\/SK-2-1.jpg\",\"contentUrl\":\"https:\\\/\\\/skin.club\\\/community\\\/wp-content\\\/uploads\\\/2023\\\/05\\\/SK-2-1.jpg\"},{\"@type\":\"BreadcrumbList\",\"@id\":\"https:\\\/\\\/community.skin.club\\\/tr\\\/into-the-breach#breadcrumb\",\"itemListElement\":[{\"@type\":\"ListItem\",\"position\":1,\"name\":\"Topluluk\",\"item\":\"http:\\\/\\\/community.skin.club\\\/tr\\\/homepage\"},{\"@type\":\"ListItem\",\"position\":2,\"name\":\"Into The Breach\"}]},{\"@type\":\"WebSite\",\"@id\":\"https:\\\/\\\/community.skin.club\\\/tr#website\",\"url\":\"https:\\\/\\\/community.skin.club\\\/tr\",\"name\":\"CS:GO - Events, news, recommendations\",\"description\":\"CS2 &amp; CS:GO Articles, News, Events | Skin.Club Community\",\"publisher\":{\"@id\":\"https:\\\/\\\/community.skin.club\\\/tr#organization\"},\"alternateName\":\"CS:GO - news\",\"potentialAction\":[{\"@type\":\"SearchAction\",\"target\":{\"@type\":\"EntryPoint\",\"urlTemplate\":\"https:\\\/\\\/community.skin.club\\\/tr?s={search_term_string}\"},\"query-input\":{\"@type\":\"PropertyValueSpecification\",\"valueRequired\":true,\"valueName\":\"search_term_string\"}}],\"inLanguage\":\"tr\"},{\"@type\":\"Organization\",\"@id\":\"https:\\\/\\\/community.skin.club\\\/tr#organization\",\"name\":\"SkinClub\",\"url\":\"https:\\\/\\\/community.skin.club\\\/tr\",\"logo\":{\"@type\":\"ImageObject\",\"inLanguage\":\"tr\",\"@id\":\"https:\\\/\\\/community.skin.club\\\/tr#\\\/schema\\\/logo\\\/image\\\/\",\"url\":\"https:\\\/\\\/community.skin.club\\\/wp-content\\\/uploads\\\/2022\\\/07\\\/logo-1-1.png\",\"contentUrl\":\"https:\\\/\\\/community.skin.club\\\/wp-content\\\/uploads\\\/2022\\\/07\\\/logo-1-1.png\",\"width\":512,\"height\":490,\"caption\":\"SkinClub\"},\"image\":{\"@id\":\"https:\\\/\\\/community.skin.club\\\/tr#\\\/schema\\\/logo\\\/image\\\/\"}}]}<\/script>\n<!-- \/ Yoast SEO plugin. -->","yoast_head_json":{"title":"Into The Breach tak\u0131m oyuncular\u0131 | Skin.club","description":"Into The Breach, BLAST Paris Major i\u00e7in Avrupa RMR Elemelerinde beklenmedik bir performans sergiledi. Bu \u00fcnl\u00fclerin foto\u011fraflar\u0131na bir g\u00f6z at\u0131n!","robots":{"index":"index","follow":"follow","max-snippet":"max-snippet:-1","max-image-preview":"max-image-preview:large","max-video-preview":"max-video-preview:-1"},"canonical":"https:\/\/community.skin.club\/tr\/into-the-breach","og_locale":"tr_TR","og_type":"article","og_title":"Into The Breach tak\u0131m oyuncular\u0131 | Skin.club","og_description":"Into The Breach, BLAST Paris Major i\u00e7in Avrupa RMR Elemelerinde beklenmedik bir performans sergiledi. Bu \u00fcnl\u00fclerin foto\u011fraflar\u0131na bir g\u00f6z at\u0131n!","og_url":"https:\/\/community.skin.club\/tr\/into-the-breach","og_site_name":"CS2 &amp; CS:GO Articles, News, Events | Skin.Club Community","article_modified_time":"2023-06-15T12:35:17+00:00","og_image":[{"width":1920,"height":1080,"url":"https:\/\/community.skin.club\/wp-content\/uploads\/2023\/04\/02.jpg","type":"image\/jpeg"}],"twitter_card":"summary_large_image","twitter_misc":{"Tahmini okuma s\u00fcresi":"1 dakika"},"schema":{"@context":"https:\/\/schema.org","@graph":[{"@type":"WebPage","@id":"https:\/\/community.skin.club\/tr\/into-the-breach","url":"https:\/\/community.skin.club\/tr\/into-the-breach","name":"Into The Breach tak\u0131m oyuncular\u0131 | Skin.club","isPartOf":{"@id":"https:\/\/community.skin.club\/tr#website"},"primaryImageOfPage":{"@id":"https:\/\/community.skin.club\/tr\/into-the-breach#primaryimage"},"image":{"@id":"https:\/\/community.skin.club\/tr\/into-the-breach#primaryimage"},"thumbnailUrl":"https:\/\/skin.club\/community\/wp-content\/uploads\/2023\/05\/SK-2-1.jpg","datePublished":"2023-04-28T15:12:31+00:00","dateModified":"2023-06-15T12:35:17+00:00","description":"Into The Breach, BLAST Paris Major i\u00e7in Avrupa RMR Elemelerinde beklenmedik bir performans sergiledi. Bu \u00fcnl\u00fclerin foto\u011fraflar\u0131na bir g\u00f6z at\u0131n!","breadcrumb":{"@id":"https:\/\/community.skin.club\/tr\/into-the-breach#breadcrumb"},"inLanguage":"tr","potentialAction":[{"@type":"ReadAction","target":["https:\/\/community.skin.club\/tr\/into-the-breach"]}]},{"@type":"ImageObject","inLanguage":"tr","@id":"https:\/\/community.skin.club\/tr\/into-the-breach#primaryimage","url":"https:\/\/skin.club\/community\/wp-content\/uploads\/2023\/05\/SK-2-1.jpg","contentUrl":"https:\/\/skin.club\/community\/wp-content\/uploads\/2023\/05\/SK-2-1.jpg"},{"@type":"BreadcrumbList","@id":"https:\/\/community.skin.club\/tr\/into-the-breach#breadcrumb","itemListElement":[{"@type":"ListItem","position":1,"name":"Topluluk","item":"http:\/\/community.skin.club\/tr\/homepage"},{"@type":"ListItem","position":2,"name":"Into The Breach"}]},{"@type":"WebSite","@id":"https:\/\/community.skin.club\/tr#website","url":"https:\/\/community.skin.club\/tr","name":"CS:GO - Events, news, recommendations","description":"CS2 &amp; CS:GO Articles, News, Events | Skin.Club Community","publisher":{"@id":"https:\/\/community.skin.club\/tr#organization"},"alternateName":"CS:GO - news","potentialAction":[{"@type":"SearchAction","target":{"@type":"EntryPoint","urlTemplate":"https:\/\/community.skin.club\/tr?s={search_term_string}"},"query-input":{"@type":"PropertyValueSpecification","valueRequired":true,"valueName":"search_term_string"}}],"inLanguage":"tr"},{"@type":"Organization","@id":"https:\/\/community.skin.club\/tr#organization","name":"SkinClub","url":"https:\/\/community.skin.club\/tr","logo":{"@type":"ImageObject","inLanguage":"tr","@id":"https:\/\/community.skin.club\/tr#\/schema\/logo\/image\/","url":"https:\/\/community.skin.club\/wp-content\/uploads\/2022\/07\/logo-1-1.png","contentUrl":"https:\/\/community.skin.club\/wp-content\/uploads\/2022\/07\/logo-1-1.png","width":512,"height":490,"caption":"SkinClub"},"image":{"@id":"https:\/\/community.skin.club\/tr#\/schema\/logo\/image\/"}}]}},"_links":{"self":[{"href":"https:\/\/community.skin.club\/tr\/wp-json\/wp\/v2\/pages\/9439","targetHints":{"allow":["GET"]}}],"collection":[{"href":"https:\/\/community.skin.club\/tr\/wp-json\/wp\/v2\/pages"}],"about":[{"href":"https:\/\/community.skin.club\/tr\/wp-json\/wp\/v2\/types\/page"}],"author":[{"embeddable":true,"href":"https:\/\/community.skin.club\/tr\/wp-json\/wp\/v2\/users\/4"}],"replies":[{"embeddable":true,"href":"https:\/\/community.skin.club\/tr\/wp-json\/wp\/v2\/comments?post=9439"}],"version-history":[{"count":2,"href":"https:\/\/community.skin.club\/tr\/wp-json\/wp\/v2\/pages\/9439\/revisions"}],"predecessor-version":[{"id":9447,"href":"https:\/\/community.skin.club\/tr\/wp-json\/wp\/v2\/pages\/9439\/revisions\/9447"}],"wp:attachment":[{"href":"https:\/\/community.skin.club\/tr\/wp-json\/wp\/v2\/media?parent=9439"}],"curies":[{"name":"wp","href":"https:\/\/api.w.org\/{rel}","templated":true}]}}