{"id":12074,"date":"2023-04-28T15:12:31","date_gmt":"2023-04-28T15:12:31","guid":{"rendered":"https:\/\/skin.club\/community\/into-the-breach\/"},"modified":"2023-06-21T15:24:59","modified_gmt":"2023-06-21T15:24:59","slug":"into-the-breach","status":"publish","type":"page","link":"https:\/\/community.skin.club\/vi\/into-the-breach","title":{"rendered":"Into The Breach"},"content":{"rendered":"<p><img loading=\"lazy\" decoding=\"async\" src=\"https:\/\/skin.club\/community\/wp-content\/uploads\/2023\/05\/SK-2-1.jpg\" alt=\"Photo\" width=\"1920\" height=\"1080\" class=\"alignnone size-full wp-image-7957\"><\/p>\n<p>Into The Breach \u0111\u00e3 tr\u1edf th\u00e0nh ch\u00fa ng\u1ef1a \u00f4 b\u1ea5t ng\u1edd t\u1eeb gi\u1ea3i RMR khu v\u1ef1c EU cho \u0111\u1ebfn BLAST Paris Major.<\/p>\n<p>\u0110\u00e2y l\u00e0 l\u1ea7n \u0111\u1ea7u ti\u00ean \u0111\u1ed9i tuy\u1ec3n tr\u00ean tham gia gi\u1ea3i \u0111\u1ea5u Major v\u00e0 h\u1ecd \u0111\u00e3 v\u01b0\u1ee3t qua v\u00f2ng Legends c\u1ee7a Major CS:GO g\u1ea7n nh\u1ea5t.<\/p>\n<p>Ch\u00fang t\u00f4i xin ch\u00fac \u0111\u1ed9i tuy\u1ec3n g\u1eb7p nhi\u1ec1u may m\u1eafn trong Paris Major! H\u1ecd ho\u00e0n to\u00e0n x\u1ee9ng \u0111\u00e1ng n\u1eb1m trong s\u1ed1 nh\u1eefng \u0111\u1ed9i tuy\u1ec3n h\u00e0ng \u0111\u1ea7u th\u1ebf gi\u1edbi hi\u1ec7n t\u1ea1i.<\/p>\n<h2>NG\u01af\u1edcI CH\u01a0I<\/h2>\n<div class=\"players\">\n<div class=\"player\">\n<img decoding=\"async\" src=\"https:\/\/skin.club\/community\/wp-content\/uploads\/2023\/04\/e3398fc7-1c7e-4ece-bdcc-8312cfe6e14f.webp\" alt=\"\u0110\u1ed9i\" class=\"player__logo\">\n<p class=\"player__name\">Juve<\/p>\n<p class=\"player__prof\">coach<\/p>\n<p><img decoding=\"async\" src=\"https:\/\/skin.club\/community\/wp-content\/uploads\/2023\/05\/Juve.png\" alt=\"Juve\" class=\"player__photo\">\n<\/p><\/div>\n<div class=\"player\">\n<img decoding=\"async\" src=\"https:\/\/skin.club\/community\/wp-content\/uploads\/2023\/04\/e3398fc7-1c7e-4ece-bdcc-8312cfe6e14f.webp\" alt=\"\u0110\u1ed9i\" class=\"player__logo\">\n<p class=\"player__name\">CRUC1AL<\/p>\n<p class=\"player__prof\">Ng\u01b0\u1eddi ch\u01a1i<\/p>\n<p><img decoding=\"async\" src=\"https:\/\/skin.club\/community\/wp-content\/uploads\/2023\/05\/CRUC1AL.png\" alt=\"CRUC1AL\" class=\"player__photo\">\n<\/p><\/div>\n<div class=\"player\">\n<img decoding=\"async\" src=\"https:\/\/skin.club\/community\/wp-content\/uploads\/2023\/04\/e3398fc7-1c7e-4ece-bdcc-8312cfe6e14f.webp\" alt=\"\u0110\u1ed9i\" class=\"player__logo\">\n<p class=\"player__name\">CYPHER<\/p>\n<p class=\"player__prof\">Ng\u01b0\u1eddi ch\u01a1i<\/p>\n<p><img decoding=\"async\" src=\"https:\/\/skin.club\/community\/wp-content\/uploads\/2023\/05\/CYPHER.png\" alt=\"CYPHER\" class=\"player__photo\">\n<\/p><\/div>\n<div class=\"player\">\n<img decoding=\"async\" src=\"https:\/\/skin.club\/community\/wp-content\/uploads\/2023\/04\/e3398fc7-1c7e-4ece-bdcc-8312cfe6e14f.webp\" alt=\"\u0110\u1ed9i\" class=\"player__logo\">\n<p class=\"player__name\">rallen<\/p>\n<p class=\"player__prof\">Ng\u01b0\u1eddi ch\u01a1i<\/p>\n<p><img decoding=\"async\" src=\"https:\/\/skin.club\/community\/wp-content\/uploads\/2023\/05\/rallen.png\" alt=\"rallen\" class=\"player__photo\">\n<\/p><\/div>\n<div class=\"player\">\n<img decoding=\"async\" src=\"https:\/\/skin.club\/community\/wp-content\/uploads\/2023\/04\/e3398fc7-1c7e-4ece-bdcc-8312cfe6e14f.webp\" alt=\"\u0110\u1ed9i\" class=\"player__logo\">\n<p class=\"player__name\">Thomas<\/p>\n<p class=\"player__prof\">Ng\u01b0\u1eddi ch\u01a1i<\/p>\n<p><img decoding=\"async\" src=\"https:\/\/skin.club\/community\/wp-content\/uploads\/2023\/05\/Thomas.png\" alt=\"Thomas\" class=\"player__photo\">\n<\/p><\/div>\n<div class=\"player\">\n<img decoding=\"async\" src=\"https:\/\/skin.club\/community\/wp-content\/uploads\/2023\/04\/e3398fc7-1c7e-4ece-bdcc-8312cfe6e14f.webp\" alt=\"\u0110\u1ed9i\" class=\"player__logo\">\n<p class=\"player__name\">volt<\/p>\n<p class=\"player__prof\">Ng\u01b0\u1eddi ch\u01a1i<\/p>\n<p><img decoding=\"async\" src=\"https:\/\/skin.club\/community\/wp-content\/uploads\/2023\/05\/volt.png\" alt=\"volt\" class=\"player__photo\">\n<\/p><\/div>\n<\/div>\n<h2>V\u1ec1 quan h\u1ec7 \u0111\u1ed1i t\u00e1c c\u1ee7a ch\u00fang t\u00f4i<\/h2>\n<p>Skin.Club c\u00f3 ni\u1ec1m \u0111am m\u00ea m\u1ea1nh m\u1ebd \u0111\u1ed1i v\u1edbi kh\u00eda c\u1ea1nh esport trong Counter-Strike v\u00e0 s\u1ebd h\u1ed7 tr\u1ee3 nh\u1eefng t\u00e0i n\u0103ng tr\u1ebb c\u1ee7a \u0111\u1ed9i tuy\u1ec3n Into The Breach!<\/p>\n<p>Skin.Club c\u0169ng s\u1ebd t\u1ed5 ch\u1ee9c s\u1ef1 ki\u1ec7n Skin.Club Major trong su\u1ed1t gi\u1ea3i Major v\u1edbi vi\u1ec7c ra m\u1eaft c\u00e1c h\u00f2m, qu\u00e0 t\u1eb7ng v\u00e0 thi\u1ebft k\u1ebf m\u1edbi.<\/p>\n<p>Xem Blast Paris Major 2023 v\u00e0 c\u1ed5 v\u0169 cho \u0111\u1ed9i tuy\u1ec3n Into The Breach c\u00f9ng Skin.Club!<\/p>\n","protected":false},"excerpt":{"rendered":"<p>Into The Breach \u0111\u00e3 tr\u1edf th\u00e0nh ch\u00fa ng\u1ef1a \u00f4 b\u1ea5t ng\u1edd t\u1eeb gi\u1ea3i RMR khu v\u1ef1c EU cho \u0111\u1ebfn BLAST Paris Major. \u0110\u00e2y l\u00e0 l\u1ea7n \u0111\u1ea7u ti\u00ean \u0111\u1ed9i tuy\u1ec3n tr\u00ean tham gia gi\u1ea3i \u0111\u1ea5u Major v\u00e0 h\u1ecd \u0111\u00e3 v\u01b0\u1ee3t qua v\u00f2ng Legends c\u1ee7a Major CS:GO g\u1ea7n nh\u1ea5t. Ch\u00fang t\u00f4i xin ch\u00fac \u0111\u1ed9i tuy\u1ec3n g\u1eb7p nhi\u1ec1u [&hellip;]<\/p>\n","protected":false},"author":4,"featured_media":0,"parent":0,"menu_order":0,"comment_status":"closed","ping_status":"closed","template":"","meta":{"_acf_changed":false,"footnotes":""},"class_list":["post-12074","page","type-page","status-publish","hentry"],"acf":[],"yoast_head":"<!-- This site is optimized with the Yoast SEO plugin v27.4 - https:\/\/yoast.com\/product\/yoast-seo-wordpress\/ -->\n<title>Team Into The Breach players | Skin.club<\/title>\n<meta name=\"description\" content=\"Into The Breach \u0111\u00e3 tr\u1edf th\u00e0nh ch\u00fa ng\u1ef1a \u00f4 b\u1ea5t ng\u1edd t\u1eeb gi\u1ea3i RMR khu v\u1ef1c EU cho \u0111\u1ebfn BLAST Paris Major. Nh\u00ecn v\u00e0o nh\u1eefng b\u1ee9c \u1ea3nh c\u1ee7a nh\u1eefng ng\u01b0\u1eddi n\u1ed5i ti\u1ebfng n\u00e0y!\" \/>\n<meta name=\"robots\" content=\"index, follow, max-snippet:-1, max-image-preview:large, max-video-preview:-1\" \/>\n<link rel=\"canonical\" href=\"https:\/\/community.skin.club\/vi\/into-the-breach\" \/>\n<meta property=\"og:locale\" content=\"vi_VN\" \/>\n<meta property=\"og:type\" content=\"article\" \/>\n<meta property=\"og:title\" content=\"Team Into The Breach players | Skin.club\" \/>\n<meta property=\"og:description\" content=\"Into The Breach \u0111\u00e3 tr\u1edf th\u00e0nh ch\u00fa ng\u1ef1a \u00f4 b\u1ea5t ng\u1edd t\u1eeb gi\u1ea3i RMR khu v\u1ef1c EU cho \u0111\u1ebfn BLAST Paris Major. Nh\u00ecn v\u00e0o nh\u1eefng b\u1ee9c \u1ea3nh c\u1ee7a nh\u1eefng ng\u01b0\u1eddi n\u1ed5i ti\u1ebfng n\u00e0y!\" \/>\n<meta property=\"og:url\" content=\"https:\/\/community.skin.club\/vi\/into-the-breach\" \/>\n<meta property=\"og:site_name\" content=\"CS2 &amp; CS:GO Articles, News, Events | Skin.Club Community\" \/>\n<meta property=\"article:modified_time\" content=\"2023-06-21T15:24:59+00:00\" \/>\n<meta property=\"og:image\" content=\"https:\/\/community.skin.club\/wp-content\/uploads\/2023\/04\/02.jpg\" \/>\n\t<meta property=\"og:image:width\" content=\"1920\" \/>\n\t<meta property=\"og:image:height\" content=\"1080\" \/>\n\t<meta property=\"og:image:type\" content=\"image\/jpeg\" \/>\n<meta name=\"twitter:card\" content=\"summary_large_image\" \/>\n<meta name=\"twitter:label1\" content=\"Est. reading time\" \/>\n\t<meta name=\"twitter:data1\" content=\"1 minute\" \/>\n<script type=\"application\/ld+json\" class=\"yoast-schema-graph\">{\"@context\":\"https:\\\/\\\/schema.org\",\"@graph\":[{\"@type\":\"WebPage\",\"@id\":\"https:\\\/\\\/community.skin.club\\\/vi\\\/into-the-breach\",\"url\":\"https:\\\/\\\/community.skin.club\\\/vi\\\/into-the-breach\",\"name\":\"Team Into The Breach players | Skin.club\",\"isPartOf\":{\"@id\":\"https:\\\/\\\/community.skin.club\\\/vi#website\"},\"primaryImageOfPage\":{\"@id\":\"https:\\\/\\\/community.skin.club\\\/vi\\\/into-the-breach#primaryimage\"},\"image\":{\"@id\":\"https:\\\/\\\/community.skin.club\\\/vi\\\/into-the-breach#primaryimage\"},\"thumbnailUrl\":\"https:\\\/\\\/skin.club\\\/community\\\/wp-content\\\/uploads\\\/2023\\\/05\\\/SK-2-1.jpg\",\"datePublished\":\"2023-04-28T15:12:31+00:00\",\"dateModified\":\"2023-06-21T15:24:59+00:00\",\"description\":\"Into The Breach \u0111\u00e3 tr\u1edf th\u00e0nh ch\u00fa ng\u1ef1a \u00f4 b\u1ea5t ng\u1edd t\u1eeb gi\u1ea3i RMR khu v\u1ef1c EU cho \u0111\u1ebfn BLAST Paris Major. Nh\u00ecn v\u00e0o nh\u1eefng b\u1ee9c \u1ea3nh c\u1ee7a nh\u1eefng ng\u01b0\u1eddi n\u1ed5i ti\u1ebfng n\u00e0y!\",\"breadcrumb\":{\"@id\":\"https:\\\/\\\/community.skin.club\\\/vi\\\/into-the-breach#breadcrumb\"},\"inLanguage\":\"vi-VN\",\"potentialAction\":[{\"@type\":\"ReadAction\",\"target\":[\"https:\\\/\\\/community.skin.club\\\/vi\\\/into-the-breach\"]}]},{\"@type\":\"ImageObject\",\"inLanguage\":\"vi-VN\",\"@id\":\"https:\\\/\\\/community.skin.club\\\/vi\\\/into-the-breach#primaryimage\",\"url\":\"https:\\\/\\\/skin.club\\\/community\\\/wp-content\\\/uploads\\\/2023\\\/05\\\/SK-2-1.jpg\",\"contentUrl\":\"https:\\\/\\\/skin.club\\\/community\\\/wp-content\\\/uploads\\\/2023\\\/05\\\/SK-2-1.jpg\"},{\"@type\":\"BreadcrumbList\",\"@id\":\"https:\\\/\\\/community.skin.club\\\/vi\\\/into-the-breach#breadcrumb\",\"itemListElement\":[{\"@type\":\"ListItem\",\"position\":1,\"name\":\"C\u1ed9ng \u0111\u1ed3ng\",\"item\":\"http:\\\/\\\/community.skin.club\\\/vi\\\/homepage\"},{\"@type\":\"ListItem\",\"position\":2,\"name\":\"Into The Breach\"}]},{\"@type\":\"WebSite\",\"@id\":\"https:\\\/\\\/community.skin.club\\\/vi#website\",\"url\":\"https:\\\/\\\/community.skin.club\\\/vi\",\"name\":\"CS:GO - Events, news, recommendations\",\"description\":\"CS2 &amp; CS:GO Articles, News, Events | Skin.Club Community\",\"publisher\":{\"@id\":\"https:\\\/\\\/community.skin.club\\\/vi#organization\"},\"alternateName\":\"CS:GO - news\",\"potentialAction\":[{\"@type\":\"SearchAction\",\"target\":{\"@type\":\"EntryPoint\",\"urlTemplate\":\"https:\\\/\\\/community.skin.club\\\/vi?s={search_term_string}\"},\"query-input\":{\"@type\":\"PropertyValueSpecification\",\"valueRequired\":true,\"valueName\":\"search_term_string\"}}],\"inLanguage\":\"vi-VN\"},{\"@type\":\"Organization\",\"@id\":\"https:\\\/\\\/community.skin.club\\\/vi#organization\",\"name\":\"SkinClub\",\"url\":\"https:\\\/\\\/community.skin.club\\\/vi\",\"logo\":{\"@type\":\"ImageObject\",\"inLanguage\":\"vi-VN\",\"@id\":\"https:\\\/\\\/community.skin.club\\\/vi#\\\/schema\\\/logo\\\/image\\\/\",\"url\":\"https:\\\/\\\/community.skin.club\\\/wp-content\\\/uploads\\\/2022\\\/07\\\/logo-1-1.png\",\"contentUrl\":\"https:\\\/\\\/community.skin.club\\\/wp-content\\\/uploads\\\/2022\\\/07\\\/logo-1-1.png\",\"width\":512,\"height\":490,\"caption\":\"SkinClub\"},\"image\":{\"@id\":\"https:\\\/\\\/community.skin.club\\\/vi#\\\/schema\\\/logo\\\/image\\\/\"}}]}<\/script>\n<!-- \/ Yoast SEO plugin. -->","yoast_head_json":{"title":"Team Into The Breach players | Skin.club","description":"Into The Breach \u0111\u00e3 tr\u1edf th\u00e0nh ch\u00fa ng\u1ef1a \u00f4 b\u1ea5t ng\u1edd t\u1eeb gi\u1ea3i RMR khu v\u1ef1c EU cho \u0111\u1ebfn BLAST Paris Major. Nh\u00ecn v\u00e0o nh\u1eefng b\u1ee9c \u1ea3nh c\u1ee7a nh\u1eefng ng\u01b0\u1eddi n\u1ed5i ti\u1ebfng n\u00e0y!","robots":{"index":"index","follow":"follow","max-snippet":"max-snippet:-1","max-image-preview":"max-image-preview:large","max-video-preview":"max-video-preview:-1"},"canonical":"https:\/\/community.skin.club\/vi\/into-the-breach","og_locale":"vi_VN","og_type":"article","og_title":"Team Into The Breach players | Skin.club","og_description":"Into The Breach \u0111\u00e3 tr\u1edf th\u00e0nh ch\u00fa ng\u1ef1a \u00f4 b\u1ea5t ng\u1edd t\u1eeb gi\u1ea3i RMR khu v\u1ef1c EU cho \u0111\u1ebfn BLAST Paris Major. Nh\u00ecn v\u00e0o nh\u1eefng b\u1ee9c \u1ea3nh c\u1ee7a nh\u1eefng ng\u01b0\u1eddi n\u1ed5i ti\u1ebfng n\u00e0y!","og_url":"https:\/\/community.skin.club\/vi\/into-the-breach","og_site_name":"CS2 &amp; CS:GO Articles, News, Events | Skin.Club Community","article_modified_time":"2023-06-21T15:24:59+00:00","og_image":[{"width":1920,"height":1080,"url":"https:\/\/community.skin.club\/wp-content\/uploads\/2023\/04\/02.jpg","type":"image\/jpeg"}],"twitter_card":"summary_large_image","twitter_misc":{"Est. reading time":"1 minute"},"schema":{"@context":"https:\/\/schema.org","@graph":[{"@type":"WebPage","@id":"https:\/\/community.skin.club\/vi\/into-the-breach","url":"https:\/\/community.skin.club\/vi\/into-the-breach","name":"Team Into The Breach players | Skin.club","isPartOf":{"@id":"https:\/\/community.skin.club\/vi#website"},"primaryImageOfPage":{"@id":"https:\/\/community.skin.club\/vi\/into-the-breach#primaryimage"},"image":{"@id":"https:\/\/community.skin.club\/vi\/into-the-breach#primaryimage"},"thumbnailUrl":"https:\/\/skin.club\/community\/wp-content\/uploads\/2023\/05\/SK-2-1.jpg","datePublished":"2023-04-28T15:12:31+00:00","dateModified":"2023-06-21T15:24:59+00:00","description":"Into The Breach \u0111\u00e3 tr\u1edf th\u00e0nh ch\u00fa ng\u1ef1a \u00f4 b\u1ea5t ng\u1edd t\u1eeb gi\u1ea3i RMR khu v\u1ef1c EU cho \u0111\u1ebfn BLAST Paris Major. Nh\u00ecn v\u00e0o nh\u1eefng b\u1ee9c \u1ea3nh c\u1ee7a nh\u1eefng ng\u01b0\u1eddi n\u1ed5i ti\u1ebfng n\u00e0y!","breadcrumb":{"@id":"https:\/\/community.skin.club\/vi\/into-the-breach#breadcrumb"},"inLanguage":"vi-VN","potentialAction":[{"@type":"ReadAction","target":["https:\/\/community.skin.club\/vi\/into-the-breach"]}]},{"@type":"ImageObject","inLanguage":"vi-VN","@id":"https:\/\/community.skin.club\/vi\/into-the-breach#primaryimage","url":"https:\/\/skin.club\/community\/wp-content\/uploads\/2023\/05\/SK-2-1.jpg","contentUrl":"https:\/\/skin.club\/community\/wp-content\/uploads\/2023\/05\/SK-2-1.jpg"},{"@type":"BreadcrumbList","@id":"https:\/\/community.skin.club\/vi\/into-the-breach#breadcrumb","itemListElement":[{"@type":"ListItem","position":1,"name":"C\u1ed9ng \u0111\u1ed3ng","item":"http:\/\/community.skin.club\/vi\/homepage"},{"@type":"ListItem","position":2,"name":"Into The Breach"}]},{"@type":"WebSite","@id":"https:\/\/community.skin.club\/vi#website","url":"https:\/\/community.skin.club\/vi","name":"CS:GO - Events, news, recommendations","description":"CS2 &amp; CS:GO Articles, News, Events | Skin.Club Community","publisher":{"@id":"https:\/\/community.skin.club\/vi#organization"},"alternateName":"CS:GO - news","potentialAction":[{"@type":"SearchAction","target":{"@type":"EntryPoint","urlTemplate":"https:\/\/community.skin.club\/vi?s={search_term_string}"},"query-input":{"@type":"PropertyValueSpecification","valueRequired":true,"valueName":"search_term_string"}}],"inLanguage":"vi-VN"},{"@type":"Organization","@id":"https:\/\/community.skin.club\/vi#organization","name":"SkinClub","url":"https:\/\/community.skin.club\/vi","logo":{"@type":"ImageObject","inLanguage":"vi-VN","@id":"https:\/\/community.skin.club\/vi#\/schema\/logo\/image\/","url":"https:\/\/community.skin.club\/wp-content\/uploads\/2022\/07\/logo-1-1.png","contentUrl":"https:\/\/community.skin.club\/wp-content\/uploads\/2022\/07\/logo-1-1.png","width":512,"height":490,"caption":"SkinClub"},"image":{"@id":"https:\/\/community.skin.club\/vi#\/schema\/logo\/image\/"}}]}},"_links":{"self":[{"href":"https:\/\/community.skin.club\/vi\/wp-json\/wp\/v2\/pages\/12074","targetHints":{"allow":["GET"]}}],"collection":[{"href":"https:\/\/community.skin.club\/vi\/wp-json\/wp\/v2\/pages"}],"about":[{"href":"https:\/\/community.skin.club\/vi\/wp-json\/wp\/v2\/types\/page"}],"author":[{"embeddable":true,"href":"https:\/\/community.skin.club\/vi\/wp-json\/wp\/v2\/users\/4"}],"replies":[{"embeddable":true,"href":"https:\/\/community.skin.club\/vi\/wp-json\/wp\/v2\/comments?post=12074"}],"version-history":[{"count":1,"href":"https:\/\/community.skin.club\/vi\/wp-json\/wp\/v2\/pages\/12074\/revisions"}],"predecessor-version":[{"id":12075,"href":"https:\/\/community.skin.club\/vi\/wp-json\/wp\/v2\/pages\/12074\/revisions\/12075"}],"wp:attachment":[{"href":"https:\/\/community.skin.club\/vi\/wp-json\/wp\/v2\/media?parent=12074"}],"curies":[{"name":"wp","href":"https:\/\/api.w.org\/{rel}","templated":true}]}}